{"id":4258,"date":"2026-05-07T11:26:33","date_gmt":"2026-05-07T09:26:33","guid":{"rendered":"https:\/\/www.equitrend.nl\/?post_type=product&#038;p=4258"},"modified":"2026-05-07T11:26:33","modified_gmt":"2026-05-07T09:26:33","slug":"optilegx","status":"publish","type":"product","link":"https:\/\/www.equitrend.nl\/fr\/assortiment\/optilegx\/","title":{"rendered":"OptiLegX"},"content":{"rendered":"<p data-start=\"0\" data-end=\"625\">Le refroidissement des jambes de cheval est devenu un \u00e9l\u00e9ment essentiel de la gestion moderne du sport. Alors que dans le pass\u00e9 elle \u00e9tait principalement utilis\u00e9e en cas de blessures, elle fait aujourd'hui partie int\u00e9grante des soins quotidiens pour pr\u00e9venir le surmenage et l'inflammation. Le refroidissement est utile \u00e0 trois \u00e9gards : il provoque une vasoconstriction qui r\u00e9duit l'enflure, dissipe rapidement la chaleur apr\u00e8s l'exercice et agit comme un soulagement de la douleur gr\u00e2ce \u00e0 un l\u00e9ger effet anesth\u00e9siant. Les m\u00e9thodes traditionnelles telles que l'eau froide, les bottes de glace ou les packs de gel sont souvent encombrantes, perdent rapidement leur effet ou n\u00e9cessitent beaucoup de pr\u00e9paration, comme de la glace ou un cong\u00e9lateur.<\/p>\n<p data-start=\"627\" data-end=\"1191\" data-is-last-node=\"\" data-is-only-node=\"\">OptiLegX\u00ae Cool offre une solution innovante gr\u00e2ce \u00e0 un syst\u00e8me de refroidissement ferm\u00e9 qui maintient en permanence une temp\u00e9rature basse. Contrairement aux m\u00e9thodes traditionnelles, il n'est pas n\u00e9cessaire d'utiliser de l'eau, de la glace ou un cong\u00e9lateur et vous pouvez traiter plusieurs chevaux \u00e0 la suite ou en m\u00eame temps, o\u00f9 que vous soyez. Les manchettes flexibles refroidissent toute la jambe, du sabot \u00e0 l'\u00e9paule, et sont faciles \u00e0 connecter au syst\u00e8me compact. Gr\u00e2ce \u00e0 un fonctionnement sur 220V, 12V et batterie, le syst\u00e8me peut \u00eatre utilis\u00e9 partout et offre un maximum de confort pour le cheval et le soigneur.<\/p>","protected":false},"featured_media":4259,"parent":0,"template":"","meta":{"_acf_changed":false,"_monsterinsights_skip_tracking":false,"_monsterinsights_sitenote_active":false,"_monsterinsights_sitenote_note":"","_monsterinsights_sitenote_category":0},"eigenschap":[],"product-categorie":[281,285],"class_list":["post-4258","product","type-product","status-publish","has-post-thumbnail","hentry","product-categorie-stal","product-categorie-training"],"acf":[],"_links":{"self":[{"href":"https:\/\/www.equitrend.nl\/fr\/wp-json\/wp\/v2\/product\/4258","targetHints":{"allow":["GET"]}}],"collection":[{"href":"https:\/\/www.equitrend.nl\/fr\/wp-json\/wp\/v2\/product"}],"about":[{"href":"https:\/\/www.equitrend.nl\/fr\/wp-json\/wp\/v2\/types\/product"}],"wp:featuredmedia":[{"embeddable":true,"href":"https:\/\/www.equitrend.nl\/fr\/wp-json\/wp\/v2\/media\/4259"}],"wp:attachment":[{"href":"https:\/\/www.equitrend.nl\/fr\/wp-json\/wp\/v2\/media?parent=4258"}],"wp:term":[{"taxonomy":"eigenschap","embeddable":true,"href":"https:\/\/www.equitrend.nl\/fr\/wp-json\/wp\/v2\/eigenschap?post=4258"},{"taxonomy":"product-categorie","embeddable":true,"href":"https:\/\/www.equitrend.nl\/fr\/wp-json\/wp\/v2\/product-categorie?post=4258"}],"curies":[{"name":"wp","href":"https:\/\/api.w.org\/{rel}","templated":true}]}}