{"id":3472,"date":"2026-01-09T20:07:43","date_gmt":"2026-01-09T19:07:43","guid":{"rendered":"https:\/\/www.equitrend.nl\/nieuw\/?post_type=product&#038;p=3472"},"modified":"2026-01-09T20:16:26","modified_gmt":"2026-01-09T19:16:26","slug":"ensemble-de-chevaux-bemer","status":"publish","type":"product","link":"https:\/\/www.equitrend.nl\/fr\/assortiment\/bemer-horse-set\/","title":{"rendered":"Ensemble de chevaux BEMER"},"content":{"rendered":"<p><strong>Th\u00e9rapie PEMF avanc\u00e9e pour des performances \u00e9quines optimales<\/strong><\/p>\n<p>Le BEMER Horse-Set est un syst\u00e8me innovant qui utilise les champs \u00e9lectromagn\u00e9tiques puls\u00e9s (CEMP) pour am\u00e9liorer la microcirculation chez les chevaux. Gr\u00e2ce \u00e0 l'am\u00e9lioration de la circulation sanguine, l'oxyg\u00e8ne et les nutriments sont transport\u00e9s plus efficacement vers les cellules, ce qui contribue \u00e0 une r\u00e9cup\u00e9ration plus rapide apr\u00e8s l'exercice et \u00e0 une vitalit\u00e9 accrue. Le BEMER Horse-Set est donc id\u00e9al pour les chevaux de sport et de loisir qui b\u00e9n\u00e9ficient d'une meilleure condition physique.<\/p>\n<p>L'ensemble se compose d'une couverture th\u00e9rapeutique, de deux couvre-jambes et d'un applicateur cervical sp\u00e9cialement con\u00e7u pour le traitement cibl\u00e9 de la colonne cervicale et des structures environnantes. Tous les composants sont sans fil, faciles \u00e0 utiliser et \u00e9quip\u00e9s de contr\u00f4leurs de signaux int\u00e9gr\u00e9s avec des batteries rechargeables. Gr\u00e2ce \u00e0 la mallette de transport pratique, \u00e0 la couverture anti-transpiration et au chargeur avec c\u00e2ble en Y, l'ensemble est pr\u00eat \u00e0 \u00eatre utilis\u00e9 dans tout environnement stable. L'application pour le cou est un compl\u00e9ment pr\u00e9cieux, en particulier pour les chevaux pr\u00e9sentant des tensions dans la ligne du dessus ou un soutien neurologique.<\/p>","protected":false},"featured_media":3480,"parent":0,"template":"","meta":{"_acf_changed":false,"_monsterinsights_skip_tracking":false,"_monsterinsights_sitenote_active":false,"_monsterinsights_sitenote_note":"","_monsterinsights_sitenote_category":0},"eigenschap":[],"product-categorie":[281,285],"class_list":["post-3472","product","type-product","status-publish","has-post-thumbnail","hentry","product-categorie-stal","product-categorie-training"],"acf":[],"_links":{"self":[{"href":"https:\/\/www.equitrend.nl\/fr\/wp-json\/wp\/v2\/product\/3472","targetHints":{"allow":["GET"]}}],"collection":[{"href":"https:\/\/www.equitrend.nl\/fr\/wp-json\/wp\/v2\/product"}],"about":[{"href":"https:\/\/www.equitrend.nl\/fr\/wp-json\/wp\/v2\/types\/product"}],"wp:featuredmedia":[{"embeddable":true,"href":"https:\/\/www.equitrend.nl\/fr\/wp-json\/wp\/v2\/media\/3480"}],"wp:attachment":[{"href":"https:\/\/www.equitrend.nl\/fr\/wp-json\/wp\/v2\/media?parent=3472"}],"wp:term":[{"taxonomy":"eigenschap","embeddable":true,"href":"https:\/\/www.equitrend.nl\/fr\/wp-json\/wp\/v2\/eigenschap?post=3472"},{"taxonomy":"product-categorie","embeddable":true,"href":"https:\/\/www.equitrend.nl\/fr\/wp-json\/wp\/v2\/product-categorie?post=3472"}],"curies":[{"name":"wp","href":"https:\/\/api.w.org\/{rel}","templated":true}]}}