{"id":3462,"date":"2026-01-09T20:09:23","date_gmt":"2026-01-09T19:09:23","guid":{"rendered":"https:\/\/www.equitrend.nl\/nieuw\/?post_type=product&#038;p=3462"},"modified":"2026-01-29T16:27:27","modified_gmt":"2026-01-29T15:27:27","slug":"balayeur-bruno","status":"publish","type":"product","link":"https:\/\/www.equitrend.nl\/fr\/assortiment\/bruno-veegmachine\/","title":{"rendered":"BRUNO Balayeuse \u00e9lectrique"},"content":{"rendered":"<p><strong>Balayeuse \u00e9lectrique de grande surface<\/strong><\/p>\n<p>La balayeuse \u00e9lectrique con\u00e7ue pour le nettoyage de grandes surfaces pour les man\u00e8ges et les granges. Gr\u00e2ce \u00e0 sa conception robuste et \u00e0 sa grande capacit\u00e9 de balayage, la BRUNO convient parfaitement \u00e0 une utilisation professionnelle dans des environnements exigeants. La machine est facile \u00e0 utiliser avec un volant et un d\u00e9marrage en un clic. Elle est enti\u00e8rement \u00e9lectrique, ce qui garantit un fonctionnement silencieux et de faibles co\u00fbts d'exploitation.<\/p>\n<p>Avec une largeur de travail allant jusqu'\u00e0 2 100 mm et une efficacit\u00e9 de nettoyage allant jusqu'\u00e0 18 500 m\u00b2 par heure, BRUNO offre des performances impressionnantes.<\/p>","protected":false},"featured_media":4219,"parent":0,"template":"","meta":{"_acf_changed":false,"_monsterinsights_skip_tracking":false,"_monsterinsights_sitenote_active":false,"_monsterinsights_sitenote_note":"","_monsterinsights_sitenote_category":0},"eigenschap":[9],"product-categorie":[279],"class_list":["post-3462","product","type-product","status-publish","has-post-thumbnail","hentry","eigenschap-elektrisch","product-categorie-machines"],"acf":[],"_links":{"self":[{"href":"https:\/\/www.equitrend.nl\/fr\/wp-json\/wp\/v2\/product\/3462","targetHints":{"allow":["GET"]}}],"collection":[{"href":"https:\/\/www.equitrend.nl\/fr\/wp-json\/wp\/v2\/product"}],"about":[{"href":"https:\/\/www.equitrend.nl\/fr\/wp-json\/wp\/v2\/types\/product"}],"wp:featuredmedia":[{"embeddable":true,"href":"https:\/\/www.equitrend.nl\/fr\/wp-json\/wp\/v2\/media\/4219"}],"wp:attachment":[{"href":"https:\/\/www.equitrend.nl\/fr\/wp-json\/wp\/v2\/media?parent=3462"}],"wp:term":[{"taxonomy":"eigenschap","embeddable":true,"href":"https:\/\/www.equitrend.nl\/fr\/wp-json\/wp\/v2\/eigenschap?post=3462"},{"taxonomy":"product-categorie","embeddable":true,"href":"https:\/\/www.equitrend.nl\/fr\/wp-json\/wp\/v2\/product-categorie?post=3462"}],"curies":[{"name":"wp","href":"https:\/\/api.w.org\/{rel}","templated":true}]}}