{"id":3010,"date":"2020-01-08T14:48:21","date_gmt":"2020-01-08T13:48:21","guid":{"rendered":"https:\/\/www.equitrend.nl\/nieuw\/product\/strowagen-exclusief\/"},"modified":"2025-02-26T10:18:49","modified_gmt":"2025-02-26T09:18:49","slug":"camion-a-paille-exclusif","status":"publish","type":"product","link":"https:\/\/www.equitrend.nl\/fr\/assortiment\/strowagen-exclusief\/","title":{"rendered":"Chariot \u00e0 Foin Exclusivit\u00e9"},"content":{"rendered":"<p>Cette robuste charrette \u00e0 foin offre de la place pour les grandes balles carr\u00e9es et rondes. Les grandes roues \u00e9tant plac\u00e9es au milieu de la charrette, celle-ci est tr\u00e8s maniable et facile \u00e0 pousser.<\/p>\n<p><strong>Vos avantages :<\/strong><\/p>\n<ul>\n<li>Gr\u00e2ce \u00e0 sa forme arrondie, sans ar\u00eates ni coins, il \u00e9vite les blessures aux hommes et aux animaux.<\/li>\n<li>Les roues en acier \u00e0 roulement \u00e0 billes avec pneus gote facilitent la pouss\u00e9e.<\/li>\n<li>Les roulettes pivotantes sur roulement \u00e0 billes rendent le chariot plus maniable.<\/li>\n<li>Enti\u00e8rement peint par poudrage en vert.<\/li>\n<li>Capacit\u00e9 de charge jusqu'\u00e0 1 000 kg.<\/li>\n<\/ul>\n<p>En option : table tournante pour les balles rondes, amovible ; d\u00e9roulement plus facile. Notre Strowagen Exclusive est \u00e9galement disponible avec un entra\u00eenement par batterie.<\/p>","protected":false},"featured_media":736,"parent":0,"template":"","meta":{"_acf_changed":false,"_monsterinsights_skip_tracking":false,"_monsterinsights_sitenote_active":false,"_monsterinsights_sitenote_note":"","_monsterinsights_sitenote_category":0},"eigenschap":[],"product-categorie":[275],"class_list":["post-3010","product","type-product","status-publish","has-post-thumbnail","hentry","product-categorie-transport"],"acf":[],"_links":{"self":[{"href":"https:\/\/www.equitrend.nl\/fr\/wp-json\/wp\/v2\/product\/3010","targetHints":{"allow":["GET"]}}],"collection":[{"href":"https:\/\/www.equitrend.nl\/fr\/wp-json\/wp\/v2\/product"}],"about":[{"href":"https:\/\/www.equitrend.nl\/fr\/wp-json\/wp\/v2\/types\/product"}],"wp:featuredmedia":[{"embeddable":true,"href":"https:\/\/www.equitrend.nl\/fr\/wp-json\/wp\/v2\/media\/736"}],"wp:attachment":[{"href":"https:\/\/www.equitrend.nl\/fr\/wp-json\/wp\/v2\/media?parent=3010"}],"wp:term":[{"taxonomy":"eigenschap","embeddable":true,"href":"https:\/\/www.equitrend.nl\/fr\/wp-json\/wp\/v2\/eigenschap?post=3010"},{"taxonomy":"product-categorie","embeddable":true,"href":"https:\/\/www.equitrend.nl\/fr\/wp-json\/wp\/v2\/product-categorie?post=3010"}],"curies":[{"name":"wp","href":"https:\/\/api.w.org\/{rel}","templated":true}]}}