{"id":2876,"date":"2018-06-08T09:23:09","date_gmt":"2018-06-08T07:23:09","guid":{"rendered":"https:\/\/www.equitrend.nl\/nieuw\/product\/bodemvlakker-flc-2in1\/"},"modified":"2025-03-24T08:45:30","modified_gmt":"2025-03-24T07:45:30","slug":"flaker-de-fond-flc-2in1","status":"publish","type":"product","link":"https:\/\/www.equitrend.nl\/fr\/assortiment\/bodemvlakker-flc-2in1\/","title":{"rendered":"Herse FLC 2in1"},"content":{"rendered":"<p>La herse 2 en 1 est \u00e0 la fois une herse et un v\u00e9hicule tracteur (propulsion diesel). Selon les exigences du client, elle peut \u00eatre \u00e9quip\u00e9e d\u2019un rouleau de treillis m\u00e9tallique en deux parties ou d\u2019un rouleau Farmflex \/ en caoutchouc pour l\u2019aplanissement professionnel des surfaces fibr\u00e9es \/ g\u00e9opat et des sols sableux.<\/p>\n<p>Il suffit d\u2019appuyer sur un bouton pour que les rouleaux, les dents et la niveleuse se mettent en position de travail.<\/p>\n<p>M\u00eame les conditions extr\u00eames, comme le mauvais temps et la boue, ne posent aucun probl\u00e8me \u00e0 cette machine robuste, gr\u00e2ce \u00e0 sa cabine r\u00e9sistante aux intemp\u00e9ries avec si\u00e8ge conducteur \u00e0 suspension, son entra\u00eenement \u00e0 quatre roues motrices avec trois essieux moteurs et sa direction assist\u00e9e.<\/p>","protected":false},"featured_media":726,"parent":0,"template":"","meta":{"_acf_changed":false,"_monsterinsights_skip_tracking":false,"_monsterinsights_sitenote_active":false,"_monsterinsights_sitenote_note":"","_monsterinsights_sitenote_category":0},"eigenschap":[],"product-categorie":[273],"class_list":["post-2876","product","type-product","status-publish","has-post-thumbnail","hentry","product-categorie-bodemvlakkers"],"acf":[],"_links":{"self":[{"href":"https:\/\/www.equitrend.nl\/fr\/wp-json\/wp\/v2\/product\/2876","targetHints":{"allow":["GET"]}}],"collection":[{"href":"https:\/\/www.equitrend.nl\/fr\/wp-json\/wp\/v2\/product"}],"about":[{"href":"https:\/\/www.equitrend.nl\/fr\/wp-json\/wp\/v2\/types\/product"}],"wp:featuredmedia":[{"embeddable":true,"href":"https:\/\/www.equitrend.nl\/fr\/wp-json\/wp\/v2\/media\/726"}],"wp:attachment":[{"href":"https:\/\/www.equitrend.nl\/fr\/wp-json\/wp\/v2\/media?parent=2876"}],"wp:term":[{"taxonomy":"eigenschap","embeddable":true,"href":"https:\/\/www.equitrend.nl\/fr\/wp-json\/wp\/v2\/eigenschap?post=2876"},{"taxonomy":"product-categorie","embeddable":true,"href":"https:\/\/www.equitrend.nl\/fr\/wp-json\/wp\/v2\/product-categorie?post=2876"}],"curies":[{"name":"wp","href":"https:\/\/api.w.org\/{rel}","templated":true}]}}