{"id":2875,"date":"2018-06-08T09:18:53","date_gmt":"2018-06-08T07:18:53","guid":{"rendered":"https:\/\/www.equitrend.nl\/nieuw\/product\/bodemvlakker-flc-ahk-xl\/"},"modified":"2018-06-08T09:18:53","modified_gmt":"2018-06-08T07:18:53","slug":"bas-flaker-flc-ahk-xl","status":"publish","type":"product","link":"https:\/\/www.equitrend.nl\/fr\/assortiment\/bodemvlakker-flc-ahk-xl\/","title":{"rendered":"Herse FLC AHK-XL"},"content":{"rendered":"<p>Cette herse a \u00e9t\u00e9 tout sp\u00e9cialement con\u00e7ue pour les v\u00e9hicules tracteurs avec barre de remorquage ou chape d\u2019attelage.<\/p>\n<p>Son attelage r\u00e9glable en hauteur garantit une adaptation optimale au v\u00e9hicule tracteur (chargeur articul\u00e9).<\/p>\n<p>Le dispositif de levage hydraulique permet de man\u0153uvrer la herse en toute simplicit\u00e9 et facilite son d\u00e9placement en interne. Le maniement s\u2019effectue par commande hydraulique, depuis le v\u00e9hicule tracteur ou manuellement \u00e0 l\u2019aide d\u2019une pompe \u00e0 main hydraulique.<\/p>\n<div  class='avia-button-wrap av-3145a7-7a797808c5b6b8ab5029b5ac88274b2b-wrap avia-button-left  avia-builder-el-0  avia-builder-el-no-sibling'><a href='\/fr\/product\/les-niveleurs-de-fond-flc\/?term=bodemvlakkers'  class='avia-button av-3145a7-7a797808c5b6b8ab5029b5ac88274b2b av-link-btn avia-icon_select-yes-left-icon avia-size-small avia-position-left avia-color-theme-color'   aria-label=\"Retour \u00e0 l&#039;aper\u00e7u\"><span class='avia_button_icon avia_button_icon_left avia-iconfont avia-font-entypo-fontello' data-av_icon='\ue811' data-av_iconfont='entypo-fontello' ><\/span><span class='avia_iconbox_title' >Retour \u00e0 l'aper\u00e7u<\/span><\/a><\/div>","protected":false},"featured_media":724,"parent":0,"template":"","meta":{"_acf_changed":false,"_monsterinsights_skip_tracking":false,"_monsterinsights_sitenote_active":false,"_monsterinsights_sitenote_note":"","_monsterinsights_sitenote_category":0},"eigenschap":[],"product-categorie":[273],"class_list":["post-2875","product","type-product","status-publish","has-post-thumbnail","hentry","product-categorie-bodemvlakkers"],"acf":[],"_links":{"self":[{"href":"https:\/\/www.equitrend.nl\/fr\/wp-json\/wp\/v2\/product\/2875","targetHints":{"allow":["GET"]}}],"collection":[{"href":"https:\/\/www.equitrend.nl\/fr\/wp-json\/wp\/v2\/product"}],"about":[{"href":"https:\/\/www.equitrend.nl\/fr\/wp-json\/wp\/v2\/types\/product"}],"wp:featuredmedia":[{"embeddable":true,"href":"https:\/\/www.equitrend.nl\/fr\/wp-json\/wp\/v2\/media\/724"}],"wp:attachment":[{"href":"https:\/\/www.equitrend.nl\/fr\/wp-json\/wp\/v2\/media?parent=2875"}],"wp:term":[{"taxonomy":"eigenschap","embeddable":true,"href":"https:\/\/www.equitrend.nl\/fr\/wp-json\/wp\/v2\/eigenschap?post=2875"},{"taxonomy":"product-categorie","embeddable":true,"href":"https:\/\/www.equitrend.nl\/fr\/wp-json\/wp\/v2\/product-categorie?post=2875"}],"curies":[{"name":"wp","href":"https:\/\/api.w.org\/{rel}","templated":true}]}}