{"id":2874,"date":"2018-06-08T09:13:24","date_gmt":"2018-06-08T07:13:24","guid":{"rendered":"https:\/\/www.equitrend.nl\/nieuw\/product\/bodemvlakker-flc-ahk-s\/"},"modified":"2026-01-12T09:47:56","modified_gmt":"2026-01-12T08:47:56","slug":"bottom-flaker-flc-ahk-s","status":"publish","type":"product","link":"https:\/\/www.equitrend.nl\/fr\/assortiment\/bodemvlakker-flc-ahk-s\/","title":{"rendered":"Herse FLC AHK-S"},"content":{"rendered":"<p>Avec des largeurs de travail de 1,25 m et 1,45 m, cette herse a \u00e9t\u00e9 con\u00e7ue pour les petits v\u00e9hicules tracteurs tels que les tondeuses autoport\u00e9es, les v\u00e9hicules tout-terrain, etc. Gr\u00e2ce \u00e0 sa barre de remorquage r\u00e9glable en hauteur, l\u2019unit\u00e9 peut facilement \u00eatre adapt\u00e9e au v\u00e9hicule tracteur. Les dents dispos\u00e9es sur trois rang\u00e9es et le rouleau de treillis \u00e0 vis sans fin permettent d\u2019obtenir un r\u00e9sultat optimal. Les dents peuvent \u00eatre ajust\u00e9es sur une profondeur de 1 \u00e0 6 cm.<\/p>\n<div  class='avia-button-wrap av-33ydu1-30567f347f102c8cdbad967488a92f91-wrap avia-button-center  avia-builder-el-0  avia-builder-el-no-sibling'><a href='https:\/\/www.google.nl'  class='avia-button av-33ydu1-30567f347f102c8cdbad967488a92f91 av-link-btn avia-icon_select-yes-left-icon avia-size-small avia-position-center avia-color-theme-color'   aria-label=\"Retour \u00e0 l&#039;aper\u00e7u\"><span class='avia_button_icon avia_button_icon_left avia-iconfont avia-font-entypo-fontello' data-av_icon='\ue800' data-av_iconfont='entypo-fontello' ><\/span><span class='avia_iconbox_title' >Retour \u00e0 l'aper\u00e7u<\/span><\/a><\/div>","protected":false},"featured_media":3507,"parent":0,"template":"","meta":{"_acf_changed":false,"_monsterinsights_skip_tracking":false,"_monsterinsights_sitenote_active":false,"_monsterinsights_sitenote_note":"","_monsterinsights_sitenote_category":0},"eigenschap":[],"product-categorie":[273],"class_list":["post-2874","product","type-product","status-publish","has-post-thumbnail","hentry","product-categorie-bodemvlakkers"],"acf":[],"_links":{"self":[{"href":"https:\/\/www.equitrend.nl\/fr\/wp-json\/wp\/v2\/product\/2874","targetHints":{"allow":["GET"]}}],"collection":[{"href":"https:\/\/www.equitrend.nl\/fr\/wp-json\/wp\/v2\/product"}],"about":[{"href":"https:\/\/www.equitrend.nl\/fr\/wp-json\/wp\/v2\/types\/product"}],"wp:featuredmedia":[{"embeddable":true,"href":"https:\/\/www.equitrend.nl\/fr\/wp-json\/wp\/v2\/media\/3507"}],"wp:attachment":[{"href":"https:\/\/www.equitrend.nl\/fr\/wp-json\/wp\/v2\/media?parent=2874"}],"wp:term":[{"taxonomy":"eigenschap","embeddable":true,"href":"https:\/\/www.equitrend.nl\/fr\/wp-json\/wp\/v2\/eigenschap?post=2874"},{"taxonomy":"product-categorie","embeddable":true,"href":"https:\/\/www.equitrend.nl\/fr\/wp-json\/wp\/v2\/product-categorie?post=2874"}],"curies":[{"name":"wp","href":"https:\/\/api.w.org\/{rel}","templated":true}]}}