{"id":2872,"date":"2018-06-08T09:08:12","date_gmt":"2018-06-08T07:08:12","guid":{"rendered":"https:\/\/www.equitrend.nl\/nieuw\/product\/bodemvlakker-flc-duo\/"},"modified":"2025-02-26T15:02:40","modified_gmt":"2025-02-26T14:02:40","slug":"flaker-de-fond-flc-duo","status":"publish","type":"product","link":"https:\/\/www.equitrend.nl\/fr\/assortiment\/bodemvlakker-flc-duo\/","title":{"rendered":"Herse FLC Duo"},"content":{"rendered":"<p>Cette herse a \u00e9t\u00e9 con\u00e7ue pour les grandes entreprises ayant des pistes plus importantes, et est disponible en largeurs de travail de 3 \u00e0 6 m\u00e8tres. Elle permet un entretien professionnel et efficace des carri\u00e8res, man\u00e8ges et pistes de trot, m\u00eame de tr\u00e8s grande taille. Gr\u00e2ce \u00e0 son m\u00e9canisme de rabattement, sa largeur peut \u00eatre r\u00e9duite \u00e0 environ 1,9 m\u00e8tre, ce qui lui permet de passer sans probl\u00e8me par des portails standard. Le syst\u00e8me hydraulique de ce m\u00e9canisme de rabattement est aliment\u00e9 par le v\u00e9hicule tracteur ou par une pompe \u00e0 huile \u00e9lectrique mont\u00e9e sur la herse.<\/p>\n<div  class='avia-button-wrap av-3145a7-7a797808c5b6b8ab5029b5ac88274b2b-wrap avia-button-left  avia-builder-el-0  avia-builder-el-no-sibling'><a href='\/fr\/product\/les-niveleurs-de-fond-flc\/?term=bodemvlakkers'  class='avia-button av-3145a7-7a797808c5b6b8ab5029b5ac88274b2b av-link-btn avia-icon_select-yes-left-icon avia-size-small avia-position-left avia-color-theme-color'   aria-label=\"Retour \u00e0 l&#039;aper\u00e7u\"><span class='avia_button_icon avia_button_icon_left avia-iconfont avia-font-entypo-fontello' data-av_icon='\ue811' data-av_iconfont='entypo-fontello' ><\/span><span class='avia_iconbox_title' >Retour \u00e0 l'aper\u00e7u<\/span><\/a><\/div>","protected":false},"featured_media":718,"parent":0,"template":"","meta":{"_acf_changed":false,"_monsterinsights_skip_tracking":false,"_monsterinsights_sitenote_active":false,"_monsterinsights_sitenote_note":"","_monsterinsights_sitenote_category":0},"eigenschap":[],"product-categorie":[273],"class_list":["post-2872","product","type-product","status-publish","has-post-thumbnail","hentry","product-categorie-bodemvlakkers"],"acf":[],"_links":{"self":[{"href":"https:\/\/www.equitrend.nl\/fr\/wp-json\/wp\/v2\/product\/2872","targetHints":{"allow":["GET"]}}],"collection":[{"href":"https:\/\/www.equitrend.nl\/fr\/wp-json\/wp\/v2\/product"}],"about":[{"href":"https:\/\/www.equitrend.nl\/fr\/wp-json\/wp\/v2\/types\/product"}],"wp:featuredmedia":[{"embeddable":true,"href":"https:\/\/www.equitrend.nl\/fr\/wp-json\/wp\/v2\/media\/718"}],"wp:attachment":[{"href":"https:\/\/www.equitrend.nl\/fr\/wp-json\/wp\/v2\/media?parent=2872"}],"wp:term":[{"taxonomy":"eigenschap","embeddable":true,"href":"https:\/\/www.equitrend.nl\/fr\/wp-json\/wp\/v2\/eigenschap?post=2872"},{"taxonomy":"product-categorie","embeddable":true,"href":"https:\/\/www.equitrend.nl\/fr\/wp-json\/wp\/v2\/product-categorie?post=2872"}],"curies":[{"name":"wp","href":"https:\/\/api.w.org\/{rel}","templated":true}]}}