{"id":2871,"date":"2018-06-08T09:04:02","date_gmt":"2018-06-08T07:04:02","guid":{"rendered":"https:\/\/www.equitrend.nl\/nieuw\/product\/bodemvlakker-flc-one\/"},"modified":"2018-06-08T09:04:02","modified_gmt":"2018-06-08T07:04:02","slug":"flaker-de-fond-flc-one","status":"publish","type":"product","link":"https:\/\/www.equitrend.nl\/fr\/assortiment\/bodemvlakker-flc-one\/","title":{"rendered":"Herse FLC One"},"content":{"rendered":"<p>La herse fonctionne de fa\u00e7on tr\u00e8s efficace sur diff\u00e9rents types de sols et a \u00e9t\u00e9 tout sp\u00e9cialement con\u00e7ue pour l\u2019entretien et le nivelage des surfaces fibr\u00e9es\/g\u00e9opat et des sols sableux. Elle est disponible en diff\u00e9rentes largeurs de travail, de 1,5 \u00e0 2,5 m\u00e8tres.<\/p>\n<p>La conception de cette herse la rend pratiquement indestructible et tr\u00e8s simple d\u2019utilisation. L\u2019\u00e9quipement de base de la herse comprend un attelage trois points avec m\u00e9canisme de suivi int\u00e9gr\u00e9, des dents dispos\u00e9es sur deux rang\u00e9es et un rouleau de treillis mont\u00e9 sur balancier. Le rouleau de treillis permet d\u2019obtenir une belle couche sup\u00e9rieure a\u00e9r\u00e9e. Il peut \u00e9galement \u00eatre remplac\u00e9 par un rouleau FF (ferm\u00e9, comprime davantage).<\/p>\n<div  class='avia-button-wrap av-3145a7-7a797808c5b6b8ab5029b5ac88274b2b-wrap avia-button-left  avia-builder-el-0  avia-builder-el-no-sibling'><a href='\/fr\/product\/les-niveleurs-de-fond-flc\/?term=bodemvlakkers'  class='avia-button av-3145a7-7a797808c5b6b8ab5029b5ac88274b2b av-link-btn avia-icon_select-yes-left-icon avia-size-small avia-position-left avia-color-theme-color'   aria-label=\"Retour \u00e0 l&#039;aper\u00e7u\"><span class='avia_button_icon avia_button_icon_left avia-iconfont avia-font-entypo-fontello' data-av_icon='\ue811' data-av_iconfont='entypo-fontello' ><\/span><span class='avia_iconbox_title' >Retour \u00e0 l'aper\u00e7u<\/span><\/a><\/div>","protected":false},"featured_media":662,"parent":0,"template":"","meta":{"_acf_changed":false,"_monsterinsights_skip_tracking":false,"_monsterinsights_sitenote_active":false,"_monsterinsights_sitenote_note":"","_monsterinsights_sitenote_category":0},"eigenschap":[],"product-categorie":[273],"class_list":["post-2871","product","type-product","status-publish","has-post-thumbnail","hentry","product-categorie-bodemvlakkers"],"acf":[],"_links":{"self":[{"href":"https:\/\/www.equitrend.nl\/fr\/wp-json\/wp\/v2\/product\/2871","targetHints":{"allow":["GET"]}}],"collection":[{"href":"https:\/\/www.equitrend.nl\/fr\/wp-json\/wp\/v2\/product"}],"about":[{"href":"https:\/\/www.equitrend.nl\/fr\/wp-json\/wp\/v2\/types\/product"}],"wp:featuredmedia":[{"embeddable":true,"href":"https:\/\/www.equitrend.nl\/fr\/wp-json\/wp\/v2\/media\/662"}],"wp:attachment":[{"href":"https:\/\/www.equitrend.nl\/fr\/wp-json\/wp\/v2\/media?parent=2871"}],"wp:term":[{"taxonomy":"eigenschap","embeddable":true,"href":"https:\/\/www.equitrend.nl\/fr\/wp-json\/wp\/v2\/eigenschap?post=2871"},{"taxonomy":"product-categorie","embeddable":true,"href":"https:\/\/www.equitrend.nl\/fr\/wp-json\/wp\/v2\/product-categorie?post=2871"}],"curies":[{"name":"wp","href":"https:\/\/api.w.org\/{rel}","templated":true}]}}