{"id":2869,"date":"2018-04-13T07:40:09","date_gmt":"2018-04-13T05:40:09","guid":{"rendered":"https:\/\/www.equitrend.nl\/nieuw\/product\/equi-lizer-met-flc-vlakker\/"},"modified":"2025-03-06T15:20:48","modified_gmt":"2025-03-06T14:20:48","slug":"equi-lizer-avec-aplatisseur-flc","status":"publish","type":"product","link":"https:\/\/www.equitrend.nl\/fr\/assortiment\/equi-lizer-met-flc-vlakker\/","title":{"rendered":"Equi-lizer avec herse FLC"},"content":{"rendered":"<p>Un sol \u00e9questre bien entretenu demande beaucoup de travail (manuel). Avec notre Equi-lizer, l'entretien devient beaucoup plus facile. Gr\u00e2ce aux dimensions r\u00e9duites de ce r\u00e2teau pour surfaces \u00e9questres, il peut d\u00e9j\u00e0 passer par un passage de 1,25 m et est tr\u00e8s facile \u00e0 manipuler. Il convient donc \u00e9galement aux pistes telles que les moulins d'entra\u00eenement et les cercles de longe. Sur l'Equi-lizer avec niveleur FLC, un poids suppl\u00e9mentaire est plac\u00e9 \u00e0 l'avant pour emp\u00eacher le basculement.<\/p>","protected":false},"featured_media":3324,"parent":0,"template":"","meta":{"_acf_changed":false,"_monsterinsights_skip_tracking":false,"_monsterinsights_sitenote_active":false,"_monsterinsights_sitenote_note":"","_monsterinsights_sitenote_category":0},"eigenschap":[],"product-categorie":[273],"class_list":["post-2869","product","type-product","status-publish","has-post-thumbnail","hentry","product-categorie-bodemvlakkers"],"acf":[],"_links":{"self":[{"href":"https:\/\/www.equitrend.nl\/fr\/wp-json\/wp\/v2\/product\/2869","targetHints":{"allow":["GET"]}}],"collection":[{"href":"https:\/\/www.equitrend.nl\/fr\/wp-json\/wp\/v2\/product"}],"about":[{"href":"https:\/\/www.equitrend.nl\/fr\/wp-json\/wp\/v2\/types\/product"}],"wp:featuredmedia":[{"embeddable":true,"href":"https:\/\/www.equitrend.nl\/fr\/wp-json\/wp\/v2\/media\/3324"}],"wp:attachment":[{"href":"https:\/\/www.equitrend.nl\/fr\/wp-json\/wp\/v2\/media?parent=2869"}],"wp:term":[{"taxonomy":"eigenschap","embeddable":true,"href":"https:\/\/www.equitrend.nl\/fr\/wp-json\/wp\/v2\/eigenschap?post=2869"},{"taxonomy":"product-categorie","embeddable":true,"href":"https:\/\/www.equitrend.nl\/fr\/wp-json\/wp\/v2\/product-categorie?post=2869"}],"curies":[{"name":"wp","href":"https:\/\/api.w.org\/{rel}","templated":true}]}}