{"id":2867,"date":"2018-03-14T10:52:46","date_gmt":"2018-03-14T09:52:46","guid":{"rendered":"https:\/\/www.equitrend.nl\/nieuw\/product\/emmerwagen\/"},"modified":"2025-02-26T10:59:38","modified_gmt":"2025-02-26T09:59:38","slug":"camion-nacelle","status":"publish","type":"product","link":"https:\/\/www.equitrend.nl\/fr\/assortiment\/emmerwagen\/","title":{"rendered":"Chariot \u00e0 seaux de nourriture"},"content":{"rendered":"<p>Tout est pr\u00e9par\u00e9 \u00e0 l'avance dans des seaux, de sorte qu'il n'y a plus rien \u00e0 pr\u00e9parer lors de l'alimentation, et que chaque cheval dispose rapidement de sa nourriture.<\/p>\n<p>Avec 12 seaux, le chariot mesure 165 cm de long x 60 cm de large x 126 cm de haut.<br \/>\nLe chariot peut \u00eatre rallong\u00e9 de 4 seaux chacun (50 cm de long).<\/p>","protected":false},"featured_media":708,"parent":0,"template":"","meta":{"_acf_changed":false,"_monsterinsights_skip_tracking":false,"_monsterinsights_sitenote_active":false,"_monsterinsights_sitenote_note":"","_monsterinsights_sitenote_category":0},"eigenschap":[],"product-categorie":[281,283],"class_list":["post-2867","product","type-product","status-publish","has-post-thumbnail","hentry","product-categorie-stal","product-categorie-uitgelicht"],"acf":[],"_links":{"self":[{"href":"https:\/\/www.equitrend.nl\/fr\/wp-json\/wp\/v2\/product\/2867","targetHints":{"allow":["GET"]}}],"collection":[{"href":"https:\/\/www.equitrend.nl\/fr\/wp-json\/wp\/v2\/product"}],"about":[{"href":"https:\/\/www.equitrend.nl\/fr\/wp-json\/wp\/v2\/types\/product"}],"wp:featuredmedia":[{"embeddable":true,"href":"https:\/\/www.equitrend.nl\/fr\/wp-json\/wp\/v2\/media\/708"}],"wp:attachment":[{"href":"https:\/\/www.equitrend.nl\/fr\/wp-json\/wp\/v2\/media?parent=2867"}],"wp:term":[{"taxonomy":"eigenschap","embeddable":true,"href":"https:\/\/www.equitrend.nl\/fr\/wp-json\/wp\/v2\/eigenschap?post=2867"},{"taxonomy":"product-categorie","embeddable":true,"href":"https:\/\/www.equitrend.nl\/fr\/wp-json\/wp\/v2\/product-categorie?post=2867"}],"curies":[{"name":"wp","href":"https:\/\/api.w.org\/{rel}","templated":true}]}}