{"id":2865,"date":"2018-02-06T13:42:39","date_gmt":"2018-02-06T12:42:39","guid":{"rendered":"https:\/\/www.equitrend.nl\/nieuw\/product\/wasarm\/"},"modified":"2018-02-06T13:42:39","modified_gmt":"2018-02-06T12:42:39","slug":"bras-de-lavage","status":"publish","type":"product","link":"https:\/\/www.equitrend.nl\/fr\/assortiment\/wasarm\/","title":{"rendered":"Potence de douche"},"content":{"rendered":"<p>Pour laver vos chevaux et poneys, nous avons maintenant la douche pour chevaux compl\u00e8te. Cette douche pour chevaux, \u00e9galement appel\u00e9e bras de lavage, est livr\u00e9e avec un tuyau de qualit\u00e9 sup\u00e9rieure, un pistolet d'arrosage et le mat\u00e9riel de fixation pour l'installer sur le mur de votre aire de lavage.<\/p>\n<p>Le bras de lavage est rotatif, mesure de 120 \u00e0 230 cm et est extensible en longueur. La buse est r\u00e9glable de la brume au jet complet. La douche pour chevaux est livr\u00e9e avec 7 m\u00e8tres de tuyau de bonne qualit\u00e9. Toutes les pi\u00e8ces m\u00e9talliques sont galvanis\u00e9es, ce qui garantit une longue dur\u00e9e de vie. La livraison comprend des vis et des chevilles pour un montage mural solide.<\/p>\n<p>Le bras pivotant et la plaque de montage mural sont enti\u00e8rement galvanis\u00e9s \u00e0 chaud, ce qui garantit une longue dur\u00e9e de vie.<\/p>","protected":false},"featured_media":706,"parent":0,"template":"","meta":{"_acf_changed":false,"_monsterinsights_skip_tracking":false,"_monsterinsights_sitenote_active":false,"_monsterinsights_sitenote_note":"","_monsterinsights_sitenote_category":0},"eigenschap":[],"product-categorie":[281],"class_list":["post-2865","product","type-product","status-publish","has-post-thumbnail","hentry","product-categorie-stal"],"acf":[],"_links":{"self":[{"href":"https:\/\/www.equitrend.nl\/fr\/wp-json\/wp\/v2\/product\/2865","targetHints":{"allow":["GET"]}}],"collection":[{"href":"https:\/\/www.equitrend.nl\/fr\/wp-json\/wp\/v2\/product"}],"about":[{"href":"https:\/\/www.equitrend.nl\/fr\/wp-json\/wp\/v2\/types\/product"}],"wp:featuredmedia":[{"embeddable":true,"href":"https:\/\/www.equitrend.nl\/fr\/wp-json\/wp\/v2\/media\/706"}],"wp:attachment":[{"href":"https:\/\/www.equitrend.nl\/fr\/wp-json\/wp\/v2\/media?parent=2865"}],"wp:term":[{"taxonomy":"eigenschap","embeddable":true,"href":"https:\/\/www.equitrend.nl\/fr\/wp-json\/wp\/v2\/eigenschap?post=2865"},{"taxonomy":"product-categorie","embeddable":true,"href":"https:\/\/www.equitrend.nl\/fr\/wp-json\/wp\/v2\/product-categorie?post=2865"}],"curies":[{"name":"wp","href":"https:\/\/api.w.org\/{rel}","templated":true}]}}