{"id":2862,"date":"2017-12-22T15:28:12","date_gmt":"2017-12-22T14:28:12","guid":{"rendered":"https:\/\/www.equitrend.nl\/nieuw\/product\/solarium-control-box-standard\/"},"modified":"2026-01-28T09:35:35","modified_gmt":"2026-01-28T08:35:35","slug":"boitier-de-commande-solarium-standard","status":"publish","type":"product","link":"https:\/\/www.equitrend.nl\/fr\/assortiment\/solarium-control-box-standard\/","title":{"rendered":"Bo\u00eetier de commande Solarium standard"},"content":{"rendered":"<p>Bo\u00eetier de commande pour solarium \u00e9quip\u00e9 d'une minuterie interne qui peut \u00eatre facilement r\u00e9gl\u00e9e de l'ext\u00e9rieur, d'un bouton-poussoir marche\/arr\u00eat avec \u00e9clairage et d'un bouton de choix standard pour le fonctionnement automatique ou manuel des ventilateurs. Bouton optionnel pour l'\u00e9clairage suppl\u00e9mentaire et l'installation de l'ascenseur dans l'armoire. Fourni avec un cordon d'alimentation et un c\u00e2ble de 10 m\u00e8tres avec fiche sp\u00e9ciale.<\/p>","protected":false},"featured_media":3431,"parent":0,"template":"","meta":{"_acf_changed":false,"_monsterinsights_skip_tracking":false,"_monsterinsights_sitenote_active":false,"_monsterinsights_sitenote_note":"","_monsterinsights_sitenote_category":0},"eigenschap":[],"product-categorie":[524],"class_list":["post-2862","product","type-product","status-publish","has-post-thumbnail","hentry","product-categorie-toebehoren-solarium"],"acf":[],"_links":{"self":[{"href":"https:\/\/www.equitrend.nl\/fr\/wp-json\/wp\/v2\/product\/2862","targetHints":{"allow":["GET"]}}],"collection":[{"href":"https:\/\/www.equitrend.nl\/fr\/wp-json\/wp\/v2\/product"}],"about":[{"href":"https:\/\/www.equitrend.nl\/fr\/wp-json\/wp\/v2\/types\/product"}],"wp:featuredmedia":[{"embeddable":true,"href":"https:\/\/www.equitrend.nl\/fr\/wp-json\/wp\/v2\/media\/3431"}],"wp:attachment":[{"href":"https:\/\/www.equitrend.nl\/fr\/wp-json\/wp\/v2\/media?parent=2862"}],"wp:term":[{"taxonomy":"eigenschap","embeddable":true,"href":"https:\/\/www.equitrend.nl\/fr\/wp-json\/wp\/v2\/eigenschap?post=2862"},{"taxonomy":"product-categorie","embeddable":true,"href":"https:\/\/www.equitrend.nl\/fr\/wp-json\/wp\/v2\/product-categorie?post=2862"}],"curies":[{"name":"wp","href":"https:\/\/api.w.org\/{rel}","templated":true}]}}