{"id":2861,"date":"2017-12-22T15:27:50","date_gmt":"2017-12-22T14:27:50","guid":{"rendered":"https:\/\/www.equitrend.nl\/nieuw\/product\/solarium-control-box-draai-timer\/"},"modified":"2026-01-28T09:35:10","modified_gmt":"2026-01-28T08:35:10","slug":"boitier-de-controle-du-solarium-minuterie","status":"publish","type":"product","link":"https:\/\/www.equitrend.nl\/fr\/assortiment\/solarium-control-box-draai-timer\/","title":{"rendered":"Bo\u00eetier de commande du solarium"},"content":{"rendered":"<p>Minuterie de contr\u00f4le du solarium (21-5-80-10000). Minuterie m\u00e9canique pour solarium 60 min pour IR et 1 interrupteur pour option. 230V 16A avec c\u00e2ble de 2m avec fiche moul\u00e9e et c\u00e2ble solarium de 10m avec fiche \u00e0 6 broches.<\/p>","protected":false},"featured_media":3429,"parent":0,"template":"","meta":{"_acf_changed":false,"_monsterinsights_skip_tracking":false,"_monsterinsights_sitenote_active":false,"_monsterinsights_sitenote_note":"","_monsterinsights_sitenote_category":0},"eigenschap":[],"product-categorie":[524],"class_list":["post-2861","product","type-product","status-publish","has-post-thumbnail","hentry","product-categorie-toebehoren-solarium"],"acf":[],"_links":{"self":[{"href":"https:\/\/www.equitrend.nl\/fr\/wp-json\/wp\/v2\/product\/2861","targetHints":{"allow":["GET"]}}],"collection":[{"href":"https:\/\/www.equitrend.nl\/fr\/wp-json\/wp\/v2\/product"}],"about":[{"href":"https:\/\/www.equitrend.nl\/fr\/wp-json\/wp\/v2\/types\/product"}],"wp:featuredmedia":[{"embeddable":true,"href":"https:\/\/www.equitrend.nl\/fr\/wp-json\/wp\/v2\/media\/3429"}],"wp:attachment":[{"href":"https:\/\/www.equitrend.nl\/fr\/wp-json\/wp\/v2\/media?parent=2861"}],"wp:term":[{"taxonomy":"eigenschap","embeddable":true,"href":"https:\/\/www.equitrend.nl\/fr\/wp-json\/wp\/v2\/eigenschap?post=2861"},{"taxonomy":"product-categorie","embeddable":true,"href":"https:\/\/www.equitrend.nl\/fr\/wp-json\/wp\/v2\/product-categorie?post=2861"}],"curies":[{"name":"wp","href":"https:\/\/api.w.org\/{rel}","templated":true}]}}