{"id":2860,"date":"2017-12-22T15:27:25","date_gmt":"2017-12-22T14:27:25","guid":{"rendered":"https:\/\/www.equitrend.nl\/nieuw\/product\/muntautomaat-solcd\/"},"modified":"2026-01-28T09:34:15","modified_gmt":"2026-01-28T08:34:15","slug":"machine-a-monnaie-solcd","status":"publish","type":"product","link":"https:\/\/www.equitrend.nl\/fr\/assortiment\/muntautomaat-solcd\/","title":{"rendered":"ATM SOLCD"},"content":{"rendered":"<p>Distributeur de pi\u00e8ces pour solarium. Convient \u00e0 tout type de solarium jusqu'\u00e0 230V 16A. Livr\u00e9 avec cordon d'alimentation et c\u00e2ble de 10 m\u00e8tres avec fiche sp\u00e9ciale. Disponible pour tout type de pi\u00e8ces.<\/p>","protected":false},"featured_media":3427,"parent":0,"template":"","meta":{"_acf_changed":false,"_monsterinsights_skip_tracking":false,"_monsterinsights_sitenote_active":false,"_monsterinsights_sitenote_note":"","_monsterinsights_sitenote_category":0},"eigenschap":[],"product-categorie":[524],"class_list":["post-2860","product","type-product","status-publish","has-post-thumbnail","hentry","product-categorie-toebehoren-solarium"],"acf":[],"_links":{"self":[{"href":"https:\/\/www.equitrend.nl\/fr\/wp-json\/wp\/v2\/product\/2860","targetHints":{"allow":["GET"]}}],"collection":[{"href":"https:\/\/www.equitrend.nl\/fr\/wp-json\/wp\/v2\/product"}],"about":[{"href":"https:\/\/www.equitrend.nl\/fr\/wp-json\/wp\/v2\/types\/product"}],"wp:featuredmedia":[{"embeddable":true,"href":"https:\/\/www.equitrend.nl\/fr\/wp-json\/wp\/v2\/media\/3427"}],"wp:attachment":[{"href":"https:\/\/www.equitrend.nl\/fr\/wp-json\/wp\/v2\/media?parent=2860"}],"wp:term":[{"taxonomy":"eigenschap","embeddable":true,"href":"https:\/\/www.equitrend.nl\/fr\/wp-json\/wp\/v2\/eigenschap?post=2860"},{"taxonomy":"product-categorie","embeddable":true,"href":"https:\/\/www.equitrend.nl\/fr\/wp-json\/wp\/v2\/product-categorie?post=2860"}],"curies":[{"name":"wp","href":"https:\/\/api.w.org\/{rel}","templated":true}]}}