{"id":2859,"date":"2017-12-22T15:26:31","date_gmt":"2017-12-22T14:26:31","guid":{"rendered":"https:\/\/www.equitrend.nl\/nieuw\/product\/elektrische-lift\/"},"modified":"2026-01-28T09:33:25","modified_gmt":"2026-01-28T08:33:25","slug":"ascenseur-electrique","status":"publish","type":"product","link":"https:\/\/www.equitrend.nl\/fr\/assortiment\/elektrische-lift\/","title":{"rendered":"Ascenseur \u00e9lectrique"},"content":{"rendered":"<p>Nous proposons trois mod\u00e8les diff\u00e9rents de syst\u00e8mes de levage \u00e9lectrique. Ce syst\u00e8me est id\u00e9al lorsqu'il y a diff\u00e9rentes hauteurs d'\u00e9paules dans les \u00e9curies. L'\u00e9l\u00e9vateur peut \u00e9galement \u00eatre utilis\u00e9 pour \u00e9lever le solarium \u00e0 une certaine hauteur afin que le cheval puisse facilement passer en dessous. La hauteur de levage maximale est de 1,5 m. La charge maximale autoris\u00e9e est de 30\/40\/60 kg.<\/p>\n<p>Livr\u00e9 avec :<\/p>\n<ul>\n<li>Des instructions d'utilisation claires<\/li>\n<li>Mat\u00e9riel de fixation pour le plafond.<\/li>\n<li>Interrupteur de commande en saillie avec cordon d'alimentation 230V 50Hz<\/li>\n<li>C\u00e2ble de 10 m\u00e8tres avec connecteur<\/li>\n<li>Kit de fixation pour le solarium<\/li>\n<\/ul>","protected":false},"featured_media":3424,"parent":0,"template":"","meta":{"_acf_changed":false,"_monsterinsights_skip_tracking":false,"_monsterinsights_sitenote_active":false,"_monsterinsights_sitenote_note":"","_monsterinsights_sitenote_category":0},"eigenschap":[9],"product-categorie":[524],"class_list":["post-2859","product","type-product","status-publish","has-post-thumbnail","hentry","eigenschap-elektrisch","product-categorie-toebehoren-solarium"],"acf":[],"_links":{"self":[{"href":"https:\/\/www.equitrend.nl\/fr\/wp-json\/wp\/v2\/product\/2859","targetHints":{"allow":["GET"]}}],"collection":[{"href":"https:\/\/www.equitrend.nl\/fr\/wp-json\/wp\/v2\/product"}],"about":[{"href":"https:\/\/www.equitrend.nl\/fr\/wp-json\/wp\/v2\/types\/product"}],"wp:featuredmedia":[{"embeddable":true,"href":"https:\/\/www.equitrend.nl\/fr\/wp-json\/wp\/v2\/media\/3424"}],"wp:attachment":[{"href":"https:\/\/www.equitrend.nl\/fr\/wp-json\/wp\/v2\/media?parent=2859"}],"wp:term":[{"taxonomy":"eigenschap","embeddable":true,"href":"https:\/\/www.equitrend.nl\/fr\/wp-json\/wp\/v2\/eigenschap?post=2859"},{"taxonomy":"product-categorie","embeddable":true,"href":"https:\/\/www.equitrend.nl\/fr\/wp-json\/wp\/v2\/product-categorie?post=2859"}],"curies":[{"name":"wp","href":"https:\/\/api.w.org\/{rel}","templated":true}]}}