{"id":2858,"date":"2017-12-22T15:25:44","date_gmt":"2017-12-22T14:25:44","guid":{"rendered":"https:\/\/www.equitrend.nl\/nieuw\/product\/solarium-hoekbeugel\/"},"modified":"2026-01-28T09:35:49","modified_gmt":"2026-01-28T08:35:49","slug":"support-dangle-solarium","status":"publish","type":"product","link":"https:\/\/www.equitrend.nl\/fr\/assortiment\/solarium-hoekbeugel\/","title":{"rendered":"Equerre de solarium"},"content":{"rendered":"<p>Le support d'angle est id\u00e9al pour fixer le solarium \u00e0 un mur ou \u00e0 la paroi d'une \u00e9curie. Libert\u00e9 de mouvement maximale pour votre cheval. Installation rapide et facile. Convient \u00e0 tous les solariums d'un poids maximal de 60 kg.<\/p>","protected":false},"featured_media":3432,"parent":0,"template":"","meta":{"_acf_changed":false,"_monsterinsights_skip_tracking":false,"_monsterinsights_sitenote_active":false,"_monsterinsights_sitenote_note":"","_monsterinsights_sitenote_category":0},"eigenschap":[],"product-categorie":[524],"class_list":["post-2858","product","type-product","status-publish","has-post-thumbnail","hentry","product-categorie-toebehoren-solarium"],"acf":[],"_links":{"self":[{"href":"https:\/\/www.equitrend.nl\/fr\/wp-json\/wp\/v2\/product\/2858","targetHints":{"allow":["GET"]}}],"collection":[{"href":"https:\/\/www.equitrend.nl\/fr\/wp-json\/wp\/v2\/product"}],"about":[{"href":"https:\/\/www.equitrend.nl\/fr\/wp-json\/wp\/v2\/types\/product"}],"wp:featuredmedia":[{"embeddable":true,"href":"https:\/\/www.equitrend.nl\/fr\/wp-json\/wp\/v2\/media\/3432"}],"wp:attachment":[{"href":"https:\/\/www.equitrend.nl\/fr\/wp-json\/wp\/v2\/media?parent=2858"}],"wp:term":[{"taxonomy":"eigenschap","embeddable":true,"href":"https:\/\/www.equitrend.nl\/fr\/wp-json\/wp\/v2\/eigenschap?post=2858"},{"taxonomy":"product-categorie","embeddable":true,"href":"https:\/\/www.equitrend.nl\/fr\/wp-json\/wp\/v2\/product-categorie?post=2858"}],"curies":[{"name":"wp","href":"https:\/\/api.w.org\/{rel}","templated":true}]}}