{"id":2857,"date":"2017-12-22T15:25:02","date_gmt":"2017-12-22T14:25:02","guid":{"rendered":"https:\/\/www.equitrend.nl\/nieuw\/product\/infrarood-lamp\/"},"modified":"2026-01-28T09:33:53","modified_gmt":"2026-01-28T08:33:53","slug":"lampe-infrarouge","status":"publish","type":"product","link":"https:\/\/www.equitrend.nl\/fr\/assortiment\/infrarood-lamp\/","title":{"rendered":"Lampe infrarouge"},"content":{"rendered":"<p>Lampe infrarouge \u00e0 haut rendement et \u00e0 dur\u00e9e de vie tr\u00e8s longue, disponible en diff\u00e9rentes puissances. Ces lampes ont une efficacit\u00e9 sup\u00e9rieure de 12 degr\u00e9s Celsius en moyenne \u00e0 celle des lampes IR normales. La dur\u00e9e de vie de ces lampes est d'environ 5 000 heures de fonctionnement.<\/p>","protected":false},"featured_media":3425,"parent":0,"template":"","meta":{"_acf_changed":false,"_monsterinsights_skip_tracking":false,"_monsterinsights_sitenote_active":false,"_monsterinsights_sitenote_note":"","_monsterinsights_sitenote_category":0},"eigenschap":[],"product-categorie":[524],"class_list":["post-2857","product","type-product","status-publish","has-post-thumbnail","hentry","product-categorie-toebehoren-solarium"],"acf":[],"_links":{"self":[{"href":"https:\/\/www.equitrend.nl\/fr\/wp-json\/wp\/v2\/product\/2857","targetHints":{"allow":["GET"]}}],"collection":[{"href":"https:\/\/www.equitrend.nl\/fr\/wp-json\/wp\/v2\/product"}],"about":[{"href":"https:\/\/www.equitrend.nl\/fr\/wp-json\/wp\/v2\/types\/product"}],"wp:featuredmedia":[{"embeddable":true,"href":"https:\/\/www.equitrend.nl\/fr\/wp-json\/wp\/v2\/media\/3425"}],"wp:attachment":[{"href":"https:\/\/www.equitrend.nl\/fr\/wp-json\/wp\/v2\/media?parent=2857"}],"wp:term":[{"taxonomy":"eigenschap","embeddable":true,"href":"https:\/\/www.equitrend.nl\/fr\/wp-json\/wp\/v2\/eigenschap?post=2857"},{"taxonomy":"product-categorie","embeddable":true,"href":"https:\/\/www.equitrend.nl\/fr\/wp-json\/wp\/v2\/product-categorie?post=2857"}],"curies":[{"name":"wp","href":"https:\/\/api.w.org\/{rel}","templated":true}]}}