{"id":2855,"date":"2017-12-22T15:00:01","date_gmt":"2017-12-22T14:00:01","guid":{"rendered":"https:\/\/www.equitrend.nl\/nieuw\/product\/mercurr\/"},"modified":"2026-02-04T09:36:04","modified_gmt":"2026-02-04T08:36:04","slug":"mercure","status":"publish","type":"product","link":"https:\/\/www.equitrend.nl\/fr\/assortiment\/mercurr\/","title":{"rendered":"Solarium pour chevaux de Mercure"},"content":{"rendered":"<p>Fabriqu\u00e9 en plastique r\u00e9sistant aux chocs et \u00e0 la chaleur, ce mod\u00e8le pr\u00e9sente une d\u00e9coupe ronde au niveau de l'encolure du cheval et convient parfaitement aux situations o\u00f9 l'on dispose de peu d'espace. Sa construction compacte le rend id\u00e9al pour l'aire de pansage et de lavage. La combinaison de lampes et de ventilateurs cr\u00e9e une agr\u00e9able couverture de chaleur sur votre cheval.<\/p>\n<ul>\n<li>Chanfrein pour le cou des chevaux<\/li>\n<li>Corps r\u00e9sistant aux chocs<\/li>\n<li>Bords arrondis<\/li>\n<li>Excellente r\u00e9partition de la chaleur<\/li>\n<li>Id\u00e9al dans les zones de lavage et de polissage<\/li>\n<li>Ventilateurs automatiques<\/li>\n<li>Marquage CE<\/li>\n<\/ul>","protected":false},"featured_media":3421,"parent":0,"template":"","meta":{"_acf_changed":false,"_monsterinsights_skip_tracking":false,"_monsterinsights_sitenote_active":false,"_monsterinsights_sitenote_note":"","_monsterinsights_sitenote_category":0},"eigenschap":[],"product-categorie":[456],"class_list":["post-2855","product","type-product","status-publish","has-post-thumbnail","hentry","product-categorie-solariums"],"acf":[],"_links":{"self":[{"href":"https:\/\/www.equitrend.nl\/fr\/wp-json\/wp\/v2\/product\/2855","targetHints":{"allow":["GET"]}}],"collection":[{"href":"https:\/\/www.equitrend.nl\/fr\/wp-json\/wp\/v2\/product"}],"about":[{"href":"https:\/\/www.equitrend.nl\/fr\/wp-json\/wp\/v2\/types\/product"}],"wp:featuredmedia":[{"embeddable":true,"href":"https:\/\/www.equitrend.nl\/fr\/wp-json\/wp\/v2\/media\/3421"}],"wp:attachment":[{"href":"https:\/\/www.equitrend.nl\/fr\/wp-json\/wp\/v2\/media?parent=2855"}],"wp:term":[{"taxonomy":"eigenschap","embeddable":true,"href":"https:\/\/www.equitrend.nl\/fr\/wp-json\/wp\/v2\/eigenschap?post=2855"},{"taxonomy":"product-categorie","embeddable":true,"href":"https:\/\/www.equitrend.nl\/fr\/wp-json\/wp\/v2\/product-categorie?post=2855"}],"curies":[{"name":"wp","href":"https:\/\/api.w.org\/{rel}","templated":true}]}}