{"id":2854,"date":"2017-12-22T14:59:54","date_gmt":"2017-12-22T13:59:54","guid":{"rendered":"https:\/\/www.equitrend.nl\/nieuw\/product\/maxuss-thera\/"},"modified":"2026-01-12T09:34:38","modified_gmt":"2026-01-12T08:34:38","slug":"maxuss-thera","status":"publish","type":"product","link":"https:\/\/www.equitrend.nl\/fr\/assortiment\/maxuss-thera\/","title":{"rendered":"MaXuSS Thera"},"content":{"rendered":"<p><strong>L'harmonie pour votre cheval<\/strong><br \/>\nDans la th\u00e9rapie par la couleur, les couleurs sont utilis\u00e9es pour amener votre cheval \u00e0 l'harmonie. La base de la th\u00e9rapie par la couleur est le \u2019syst\u00e8me \u00e9nerg\u00e9tique\u2019 du cheval, tel qu'il est reconnu par la m\u00e9decine orientale et de nombreuses religions depuis des si\u00e8cles. Ce syst\u00e8me repose sur l'existence d'un certain nombre de champs \u00e9nerg\u00e9tiques \u00e0 l'int\u00e9rieur et autour du cheval.<\/p>\n<p>Les couleurs influencent la condition physique de votre cheval. Elles ont un effet positif et b\u00e9n\u00e9fique sur le syst\u00e8me \u00e9nerg\u00e9tique et rendent votre cheval plus harmonieux. Le point de d\u00e9part de la th\u00e9rapie par la couleur est le \u2019syst\u00e8me \u00e9nerg\u00e9tique\u2019 du cheval, tel qu'il est reconnu par la m\u00e9decine et les religions orientales depuis des si\u00e8cles.<\/p>\n<p><strong>Les couleurs affectent les champs d'\u00e9nergie \u00e0 l'int\u00e9rieur et autour du cheval.<\/strong><\/p>\n<ul>\n<li>Le bleu a un effet calmant et conduit \u00e0 une relaxation profonde. Cette couleur a un effet positif sur plusieurs types de douleurs et a un effet harmonisant sur le m\u00e9tabolisme et l'activit\u00e9 intestinale.<\/li>\n<li>Le vert calme et apporte la paix et le contentement. Il d\u00e9tend les organes et stimule la d\u00e9sintoxication du corps.<\/li>\n<li>Le jaune, couleur du soleil, rend joyeux et redonne de l'\u00e9nergie. Cette couleur vive aide \u00e0 \u00e9liminer les d\u00e9chets et les particules n\u00e9gatives du corps.<\/li>\n<li>Le rouge est la couleur du c\u0153ur, des poumons et des muscles. Il stimule, active et vitalise. Le rouge agit comme un diur\u00e9tique et renforce le syst\u00e8me immunitaire.<\/li>\n<\/ul>","protected":false},"featured_media":638,"parent":0,"template":"","meta":{"_acf_changed":false,"_monsterinsights_skip_tracking":false,"_monsterinsights_sitenote_active":false,"_monsterinsights_sitenote_note":"","_monsterinsights_sitenote_category":0},"eigenschap":[],"product-categorie":[456],"class_list":["post-2854","product","type-product","status-publish","has-post-thumbnail","hentry","product-categorie-solariums"],"acf":[],"_links":{"self":[{"href":"https:\/\/www.equitrend.nl\/fr\/wp-json\/wp\/v2\/product\/2854","targetHints":{"allow":["GET"]}}],"collection":[{"href":"https:\/\/www.equitrend.nl\/fr\/wp-json\/wp\/v2\/product"}],"about":[{"href":"https:\/\/www.equitrend.nl\/fr\/wp-json\/wp\/v2\/types\/product"}],"wp:featuredmedia":[{"embeddable":true,"href":"https:\/\/www.equitrend.nl\/fr\/wp-json\/wp\/v2\/media\/638"}],"wp:attachment":[{"href":"https:\/\/www.equitrend.nl\/fr\/wp-json\/wp\/v2\/media?parent=2854"}],"wp:term":[{"taxonomy":"eigenschap","embeddable":true,"href":"https:\/\/www.equitrend.nl\/fr\/wp-json\/wp\/v2\/eigenschap?post=2854"},{"taxonomy":"product-categorie","embeddable":true,"href":"https:\/\/www.equitrend.nl\/fr\/wp-json\/wp\/v2\/product-categorie?post=2854"}],"curies":[{"name":"wp","href":"https:\/\/api.w.org\/{rel}","templated":true}]}}