{"id":2853,"date":"2017-12-22T14:59:48","date_gmt":"2017-12-22T13:59:48","guid":{"rendered":"https:\/\/www.equitrend.nl\/nieuw\/product\/maxuss-pro-edition\/"},"modified":"2026-01-12T09:34:15","modified_gmt":"2026-01-12T08:34:15","slug":"maxuss-pro-edition","status":"publish","type":"product","link":"https:\/\/www.equitrend.nl\/fr\/assortiment\/maxuss-pro-edition\/","title":{"rendered":"MaXuSS Pro Edition"},"content":{"rendered":"<p>Le solarium MaXuSS est \u00e9quip\u00e9 de modules lat\u00e9raux suppl\u00e9mentaires. 6 modules, chacun avec 2 lampes suppl\u00e9mentaires et 1 ventilateur, sont plac\u00e9s \u00e0 l'ext\u00e9rieur du solarium. Au total, une puissance suppl\u00e9mentaire peut \u00eatre plac\u00e9e entre 1200 et 3000 watts d'infrarouge.<\/p>\n<p>Les lampes sont plac\u00e9es plus haut que les surfaces du solarium, ce qui minimise le risque de contact avec les lampes IR chaudes. L'utilisation d'un plastique r\u00e9sistant \u00e0 la chaleur, le placement des lampes dans des supports en aluminium et la r\u00e9utilisation de la chaleur r\u00e9siduelle permettent d'obtenir un rendement tr\u00e8s \u00e9lev\u00e9.<\/p>","protected":false},"featured_media":636,"parent":0,"template":"","meta":{"_acf_changed":false,"_monsterinsights_skip_tracking":false,"_monsterinsights_sitenote_active":false,"_monsterinsights_sitenote_note":"","_monsterinsights_sitenote_category":0},"eigenschap":[],"product-categorie":[456],"class_list":["post-2853","product","type-product","status-publish","has-post-thumbnail","hentry","product-categorie-solariums"],"acf":[],"_links":{"self":[{"href":"https:\/\/www.equitrend.nl\/fr\/wp-json\/wp\/v2\/product\/2853","targetHints":{"allow":["GET"]}}],"collection":[{"href":"https:\/\/www.equitrend.nl\/fr\/wp-json\/wp\/v2\/product"}],"about":[{"href":"https:\/\/www.equitrend.nl\/fr\/wp-json\/wp\/v2\/types\/product"}],"wp:featuredmedia":[{"embeddable":true,"href":"https:\/\/www.equitrend.nl\/fr\/wp-json\/wp\/v2\/media\/636"}],"wp:attachment":[{"href":"https:\/\/www.equitrend.nl\/fr\/wp-json\/wp\/v2\/media?parent=2853"}],"wp:term":[{"taxonomy":"eigenschap","embeddable":true,"href":"https:\/\/www.equitrend.nl\/fr\/wp-json\/wp\/v2\/eigenschap?post=2853"},{"taxonomy":"product-categorie","embeddable":true,"href":"https:\/\/www.equitrend.nl\/fr\/wp-json\/wp\/v2\/product-categorie?post=2853"}],"curies":[{"name":"wp","href":"https:\/\/api.w.org\/{rel}","templated":true}]}}