{"id":2852,"date":"2017-12-22T14:59:26","date_gmt":"2017-12-22T13:59:26","guid":{"rendered":"https:\/\/www.equitrend.nl\/nieuw\/product\/maxuss-standard\/"},"modified":"2026-01-12T09:34:28","modified_gmt":"2026-01-12T08:34:28","slug":"norme-maxuss","status":"publish","type":"product","link":"https:\/\/www.equitrend.nl\/fr\/assortiment\/maxuss-standard\/","title":{"rendered":"MaXuSS Standard"},"content":{"rendered":"<p>Le corps magnifiquement fini en plastique thermor\u00e9sistant de deux couleurs se compose de 3 parties. Le solarium suit les lignes du cheval afin que chaque groupe musculaire soit correctement \u00e9clair\u00e9 par les lampes IR. Les parties avant et arri\u00e8re peuvent \u00eatre d\u00e9plac\u00e9es s\u00e9par\u00e9ment, de sorte que vous pouvez toujours faire le bon r\u00e9glage pour votre cheval.<\/p>\n<p>Le solarium a des bords arrondis, ce qui \u00e9limine le risque de blessure pour votre cheval. Les lampes sont plac\u00e9es plus haut que les surfaces inf\u00e9rieures du solarium, ce qui minimise le risque de contact avec les lampes IR chaudes. L'utilisation d'un plastique r\u00e9sistant \u00e0 la chaleur, le placement des lampes dans des supports en aluminium et la r\u00e9utilisation de la chaleur r\u00e9siduelle permettent d'obtenir une efficacit\u00e9 tr\u00e8s \u00e9lev\u00e9e.<\/p>\n<ul>\n<li>Design \u00e9l\u00e9gant<\/li>\n<li>Conception l\u00e9g\u00e8re<\/li>\n<li>R\u00e9glage flexible de la forme<\/li>\n<li>Rendement calorifique plus \u00e9lev\u00e9<\/li>\n<li>Plastique r\u00e9sistant aux chocs<\/li>\n<li>R\u00e9sistant aux \u00e9claboussures<\/li>\n<li>Marquage CE<\/li>\n<\/ul>","protected":false},"featured_media":3415,"parent":0,"template":"","meta":{"_acf_changed":false,"_monsterinsights_skip_tracking":false,"_monsterinsights_sitenote_active":false,"_monsterinsights_sitenote_note":"","_monsterinsights_sitenote_category":0},"eigenschap":[],"product-categorie":[456],"class_list":["post-2852","product","type-product","status-publish","has-post-thumbnail","hentry","product-categorie-solariums"],"acf":[],"_links":{"self":[{"href":"https:\/\/www.equitrend.nl\/fr\/wp-json\/wp\/v2\/product\/2852","targetHints":{"allow":["GET"]}}],"collection":[{"href":"https:\/\/www.equitrend.nl\/fr\/wp-json\/wp\/v2\/product"}],"about":[{"href":"https:\/\/www.equitrend.nl\/fr\/wp-json\/wp\/v2\/types\/product"}],"wp:featuredmedia":[{"embeddable":true,"href":"https:\/\/www.equitrend.nl\/fr\/wp-json\/wp\/v2\/media\/3415"}],"wp:attachment":[{"href":"https:\/\/www.equitrend.nl\/fr\/wp-json\/wp\/v2\/media?parent=2852"}],"wp:term":[{"taxonomy":"eigenschap","embeddable":true,"href":"https:\/\/www.equitrend.nl\/fr\/wp-json\/wp\/v2\/eigenschap?post=2852"},{"taxonomy":"product-categorie","embeddable":true,"href":"https:\/\/www.equitrend.nl\/fr\/wp-json\/wp\/v2\/product-categorie?post=2852"}],"curies":[{"name":"wp","href":"https:\/\/api.w.org\/{rel}","templated":true}]}}