{"id":2850,"date":"2017-12-21T15:45:33","date_gmt":"2017-12-21T14:45:33","guid":{"rendered":"https:\/\/www.equitrend.nl\/nieuw\/product\/cyro-horse-koeler\/"},"modified":"2026-02-02T09:23:11","modified_gmt":"2026-02-02T08:23:11","slug":"refroidisseur-de-chevaux-cyro","status":"publish","type":"product","link":"https:\/\/www.equitrend.nl\/fr\/assortiment\/cyro-horse-koeler\/","title":{"rendered":"Refroidisseur Cyro-Horse"},"content":{"rendered":"<p>Cryo-Horse \u201cLa nouvelle g\u00e9n\u00e9ration\u201d est un dispositif de refroidissement pour traiter tous les types d'inflammation et de gonflement sans perdre un temps pr\u00e9cieux. Il ne consomme ni glace ni gaz, mais uniquement de l'\u00e9lectricit\u00e9. Par cons\u00e9quent, gr\u00e2ce \u00e0 sa temp\u00e9rature contr\u00f4lable dans les coussins de refroidissement, vous n'aurez jamais de plaies gel\u00e9es et il n'est pas n\u00e9cessaire de placer un tissu entre le coussin de refroidissement et le traumatisme \u00e0 traiter. Des tests effectu\u00e9s \u00e0 l'universit\u00e9 ont montr\u00e9 que les niveaux d'inflammation dans le sang diminuaient 14 fois plus vite que dans le cas d'un traitement identique avec de la glace ou des compresses froides. En outre, le froid a p\u00e9n\u00e9tr\u00e9 les tissus \u00e0 une profondeur de 3 cm et, apr\u00e8s 15 minutes, on a constat\u00e9 une diff\u00e9rence de 10 \u00b0C \u00e0 cette profondeur, alors que le froid de la glace n'a p\u00e9n\u00e9tr\u00e9 qu'\u00e0 une profondeur de 4 mm.<\/p>\n<p>Le meilleur traitement pr\u00e9ventif contre l'inflammation et super pour les tendons, les sabots, l'enflure et le surmenage.<\/p>\n<p class=\"taller\">Gr\u00e2ce \u00e0 un refroidissement intense et r\u00e9glable, Cryo-Horse vous aide \u00e0.. :<\/p>\n<ul>\n<li><i class=\"icon icon-check-circle\"><\/i>Traitement de la tendinite aigu\u00eb ou d'une autre inflammation<\/li>\n<li><i class=\"icon icon-check-circle\"><\/i>D\u00e9congestionner les articulations et les talons grin\u00e7ants<i class=\"icon icon-check-circle\"><\/i><\/li>\n<li>Diminution des niveaux d'inflammation dans le sang<\/li>\n<li><i class=\"icon icon-check-circle\"><\/i>Traiter les probl\u00e8mes de dos<\/li>\n<li><i class=\"icon icon-check-circle\"><\/i>Traitement des ovaires des juments ayant des difficult\u00e9s de fertilit\u00e9<\/li>\n<\/ul>\n<p>Comme chacun le sait, le traitement le plus efficace des traumatismes consiste \u00e0 refroidir le site du traumatisme.<\/p>\n<p><strong>Pourquoi est-il pr\u00e9f\u00e9rable de choisir ce type de traitement ?<\/strong><br \/>\nIl s'agit avant tout d'att\u00e9nuer le gonflement des tissus r\u00e9sultant de l'accumulation de l'\u0153d\u00e8me, afin d'\u00e9viter d'autres l\u00e9sions.<br \/>\nDeuxi\u00e8mement, pr\u00e9venir le d\u00e9veloppement de l'inflammation qui suit automatiquement un traumatisme.<br \/>\nTroisi\u00e8mement, abaisser le taux de CRP (prot\u00e9ine C-r\u00e9active) dans le sang.<\/p>\n<p><strong>Qu'est-ce que la prot\u00e9ine C-r\u00e9active ?<\/strong><br \/>\nLa prot\u00e9ine C-r\u00e9active (CRP) est un r\u00e9actif de phase aigu\u00eb, produit par l'organisme en r\u00e9ponse \u00e0 un traumatisme aigu, \u00e0 une inflammation ou \u00e0 d'autres sources d'inflammation.<br \/>\nQuatri\u00e8mement, soulager la douleur et vous d\u00e9tendre.<br \/>\nEnfin, pour assurer une meilleure circulation sanguine, ce qui permet \u00e0 l'organisme d'\u00e9liminer plus rapidement les toxines.<\/p>\n<p><strong>Le Cryo-Horse permet d'atteindre tous ces objectifs gr\u00e2ce au refroidissement intense qu'il induit.<\/strong><br \/>\nDes tests et des essais ont prouv\u00e9 que ce type d'application r\u00e9duit la valeur de la CRP de 150%, fait dispara\u00eetre les gonflements (liquide de la plaie) en 3 jours ou plus rapidement, acc\u00e9l\u00e8re consid\u00e9rablement la r\u00e9\u00e9ducation et \u00e9vite les inflammations ou les fait dispara\u00eetre tr\u00e8s rapidement, et ce sans l'utilisation d'anti-inflammatoires suppl\u00e9mentaires. Le refroidissement des tendons contribue de mani\u00e8re significative \u00e0 acc\u00e9l\u00e9rer le processus de gu\u00e9rison.<\/p>\n<ul>\n<li><i class=\"icon icon-check-circle\"><\/i>Les coussins r\u00e9frig\u00e9rants peuvent \u00eatre appliqu\u00e9s directement sur la peau, sans risque d'engelures !<\/li>\n<li><i class=\"icon icon-check-circle\"><\/i>Le refroidissement r\u00e9glable intense agit jusqu'\u00e0 10 fois plus en profondeur que les m\u00e9thodes de refroidissement habituelles !<\/li>\n<li><i class=\"icon icon-check-circle\"><\/i>Le refroidissement r\u00e9glable en intensit\u00e9 fonctionne \u00e9galement beaucoup plus longtemps !<\/li>\n<\/ul>\n<h4>Le Cryo-Horse est disponible en 2 variantes :<i class=\"icon icon-check-circle\"><\/i><\/h4>\n<ul>\n<li><i class=\"icon icon-check-circle\"><\/i>Avec 2 coussins de refroidissement (mobiles dans le flight case)<\/li>\n<li><i class=\"icon icon-check-circle\"><\/i>Avec 4 coussins de refroidissement adapt\u00e9s \u00e0 l'installation dans les \u00e9curies ou les camions<\/li>\n<\/ul>\n<p>\u00c9galement disponible pour les sports humains : CRYO-HUMAN.<br \/>\n\u00c9galement disponible :\u00a0<a href=\"https:\/\/www.equitrend.nl\/fr\/thermometer.html\/\">thermom\u00e8tre infrarouge.<\/a>\u00a0Cela permet de localiser les points d'inflammation chez le cheval.<\/p>","protected":false},"featured_media":672,"parent":0,"template":"","meta":{"_acf_changed":false,"_monsterinsights_skip_tracking":false,"_monsterinsights_sitenote_active":false,"_monsterinsights_sitenote_note":"","_monsterinsights_sitenote_category":0},"eigenschap":[],"product-categorie":[285],"class_list":["post-2850","product","type-product","status-publish","has-post-thumbnail","hentry","product-categorie-training"],"acf":[],"_links":{"self":[{"href":"https:\/\/www.equitrend.nl\/fr\/wp-json\/wp\/v2\/product\/2850","targetHints":{"allow":["GET"]}}],"collection":[{"href":"https:\/\/www.equitrend.nl\/fr\/wp-json\/wp\/v2\/product"}],"about":[{"href":"https:\/\/www.equitrend.nl\/fr\/wp-json\/wp\/v2\/types\/product"}],"wp:featuredmedia":[{"embeddable":true,"href":"https:\/\/www.equitrend.nl\/fr\/wp-json\/wp\/v2\/media\/672"}],"wp:attachment":[{"href":"https:\/\/www.equitrend.nl\/fr\/wp-json\/wp\/v2\/media?parent=2850"}],"wp:term":[{"taxonomy":"eigenschap","embeddable":true,"href":"https:\/\/www.equitrend.nl\/fr\/wp-json\/wp\/v2\/eigenschap?post=2850"},{"taxonomy":"product-categorie","embeddable":true,"href":"https:\/\/www.equitrend.nl\/fr\/wp-json\/wp\/v2\/product-categorie?post=2850"}],"curies":[{"name":"wp","href":"https:\/\/api.w.org\/{rel}","templated":true}]}}