{"id":2847,"date":"2017-12-21T15:33:35","date_gmt":"2017-12-21T14:33:35","guid":{"rendered":"https:\/\/www.equitrend.nl\/nieuw\/product\/bodemvlakkers-flc\/"},"modified":"2025-02-26T10:55:28","modified_gmt":"2025-02-26T09:55:28","slug":"les-niveleurs-de-fond-flc","status":"publish","type":"product","link":"https:\/\/www.equitrend.nl\/fr\/assortiment\/bodemvlakkers-flc\/","title":{"rendered":"Herse FLC"},"content":{"rendered":"<p>La herse FLC convient parfaitement pour le nivelage parfait des pistes de man\u00e8ge ou de carri\u00e8re. Les dents du cultivateur sont r\u00e9glables en profondeur et prennent soin d\u2019ameublir le sol, si n\u00e9cessaire. La lame situ\u00e9e derri\u00e8re les dents lisse ensuite la piste. La plaque arri\u00e8re incurv\u00e9e comprime la surface, tandis que les dents flexibles ameublissent encore un peu le sol.<\/p>\n<p><strong>Mod\u00e8les<\/strong><br \/>\n- <a href=\"https:\/\/www.equitrend.nl\/fr\/product\/flaker-de-fond-flc-one\/#tab-id-1\">Herse FLC One<\/a> (derri\u00e8re le tracteur - largeur de travail de 1,5 m \u00e0 2 m)<strong><br \/>\n<\/strong>- <a href=\"\/fr\/product\/flaker-de-fond-flc-duo\/\">Herse FLC Duo<\/a>\u00a0(derri\u00e8re le tracteur - largeur de travail de 3m \u00e0 6m)<br \/>\n- <a href=\"\/fr\/product\/bodemvlakker-flc-duplex\/\">Niveleur de sol FLC Duplex<\/a> (derri\u00e8re le tracteur - largeur de travail de 2,3 m)<br \/>\n-\u00a0<a href=\"\/fr\/product\/bottom-flaker-flc-ahk-s\/\">Herse FLC AHK-S<\/a> (derri\u00e8re les quads - largeur de travail de 1,25 m \u00e0 1,45 m)<br \/>\n-\u00a0<a href=\"\/fr\/product\/bas-flaker-flc-ahk-xl\/\">Herse FLC AHK-XL<\/a> (derri\u00e8re le chargeur\/la pelle - largeur de travail de 1,5 \u00e0 2 m)<br \/>\n-\u00a0<a href=\"\/fr\/product\/flaker-de-fond-flc-2in1\/#tab-id-1\">Herse FLC 2in1<\/a> (sur la base d'un VTT Kioti - largeur de travail de 2 m)<\/p>","protected":false},"featured_media":662,"parent":0,"template":"","meta":{"_acf_changed":false,"_monsterinsights_skip_tracking":false,"_monsterinsights_sitenote_active":false,"_monsterinsights_sitenote_note":"","_monsterinsights_sitenote_category":0},"eigenschap":[],"product-categorie":[273,283],"class_list":["post-2847","product","type-product","status-publish","has-post-thumbnail","hentry","product-categorie-bodemvlakkers","product-categorie-uitgelicht"],"acf":[],"_links":{"self":[{"href":"https:\/\/www.equitrend.nl\/fr\/wp-json\/wp\/v2\/product\/2847","targetHints":{"allow":["GET"]}}],"collection":[{"href":"https:\/\/www.equitrend.nl\/fr\/wp-json\/wp\/v2\/product"}],"about":[{"href":"https:\/\/www.equitrend.nl\/fr\/wp-json\/wp\/v2\/types\/product"}],"wp:featuredmedia":[{"embeddable":true,"href":"https:\/\/www.equitrend.nl\/fr\/wp-json\/wp\/v2\/media\/662"}],"wp:attachment":[{"href":"https:\/\/www.equitrend.nl\/fr\/wp-json\/wp\/v2\/media?parent=2847"}],"wp:term":[{"taxonomy":"eigenschap","embeddable":true,"href":"https:\/\/www.equitrend.nl\/fr\/wp-json\/wp\/v2\/eigenschap?post=2847"},{"taxonomy":"product-categorie","embeddable":true,"href":"https:\/\/www.equitrend.nl\/fr\/wp-json\/wp\/v2\/product-categorie?post=2847"}],"curies":[{"name":"wp","href":"https:\/\/api.w.org\/{rel}","templated":true}]}}