{"id":2846,"date":"2017-12-21T15:13:47","date_gmt":"2017-12-21T14:13:47","guid":{"rendered":"https:\/\/www.equitrend.nl\/nieuw\/product\/bodemvlakker-nl\/"},"modified":"2025-02-26T10:56:00","modified_gmt":"2025-02-26T09:56:00","slug":"flocon-de-fond-fr","status":"publish","type":"product","link":"https:\/\/www.equitrend.nl\/fr\/assortiment\/bodemvlakker-nl\/","title":{"rendered":"Herse FR"},"content":{"rendered":"<p>Cette herse est \u00e9quip\u00e9e de ressorts \u00e0 profondeur de travail r\u00e9glable, d\u2019un rouleau de compression et d\u2019un m\u00e9canisme de suivi. Ce m\u00e9canisme permet de s\u2019assurer que la herse suit le tracteur et que le sable n\u2019est pas pouss\u00e9 sur le c\u00f4t\u00e9 dans les virages.<\/p>\n<p><strong>Profondeur de travail r\u00e9glable<\/strong><br \/>\nLa rang\u00e9e de ressorts ameublit la couche sup\u00e9rieure de la piste, ensuite le sol est nivel\u00e9 par deux lames, puis comprim\u00e9 par le rouleau arri\u00e8re. Les ressorts de cette herse ont une profondeur de travail r\u00e9glable et conviennent donc aussi parfaitement pour les sols avec additif.<\/p>","protected":false},"featured_media":659,"parent":0,"template":"","meta":{"_acf_changed":false,"_monsterinsights_skip_tracking":false,"_monsterinsights_sitenote_active":false,"_monsterinsights_sitenote_note":"","_monsterinsights_sitenote_category":0},"eigenschap":[],"product-categorie":[273],"class_list":["post-2846","product","type-product","status-publish","has-post-thumbnail","hentry","product-categorie-bodemvlakkers"],"acf":[],"_links":{"self":[{"href":"https:\/\/www.equitrend.nl\/fr\/wp-json\/wp\/v2\/product\/2846","targetHints":{"allow":["GET"]}}],"collection":[{"href":"https:\/\/www.equitrend.nl\/fr\/wp-json\/wp\/v2\/product"}],"about":[{"href":"https:\/\/www.equitrend.nl\/fr\/wp-json\/wp\/v2\/types\/product"}],"wp:featuredmedia":[{"embeddable":true,"href":"https:\/\/www.equitrend.nl\/fr\/wp-json\/wp\/v2\/media\/659"}],"wp:attachment":[{"href":"https:\/\/www.equitrend.nl\/fr\/wp-json\/wp\/v2\/media?parent=2846"}],"wp:term":[{"taxonomy":"eigenschap","embeddable":true,"href":"https:\/\/www.equitrend.nl\/fr\/wp-json\/wp\/v2\/eigenschap?post=2846"},{"taxonomy":"product-categorie","embeddable":true,"href":"https:\/\/www.equitrend.nl\/fr\/wp-json\/wp\/v2\/product-categorie?post=2846"}],"curies":[{"name":"wp","href":"https:\/\/api.w.org\/{rel}","templated":true}]}}