{"id":2844,"date":"2017-12-21T14:51:58","date_gmt":"2017-12-21T13:51:58","guid":{"rendered":"https:\/\/www.equitrend.nl\/nieuw\/product\/3-in-1-voerbak\/"},"modified":"2025-02-26T10:54:52","modified_gmt":"2025-02-26T09:54:52","slug":"mangeoire-3-en-1","status":"publish","type":"product","link":"https:\/\/www.equitrend.nl\/fr\/assortiment\/3-in-1-voerbak\/","title":{"rendered":"Mangeoire 3 en 1"},"content":{"rendered":"<p>Cette mangeoire 3 en 1 se compose de 3 compartiments, 2 pour le concentr\u00e9, le bloc de sel ou les suppl\u00e9ments et 1 grand compartiment pour environ 15 kg de foin. Cette m\u00e9thode permet d'\u00e9conomiser en moyenne 20% de foin. La mangeoire est fabriqu\u00e9e dans un mat\u00e9riau approuv\u00e9 pour l'alimentation. La mangeoire a des coins arrondis et n'a pas d'ar\u00eates vives. Elle peut \u00eatre utilis\u00e9e en toute s\u00e9curit\u00e9 dans les \u00e9curies. Il s'agit d'un produit de la marque Natural Feeding.<\/p>\n<p><strong>Alimentation lente <\/strong><br \/>\nSlow Feeding : la m\u00e9thode naturelle d'alimentation. La position naturelle d'un cheval pour manger est la t\u00eate en bas pendant 17 heures par jour. Lorsque nous pla\u00e7ons nos chevaux dans des stalles, il leur est impossible de brouter et nous leur donnons donc du foin. La plupart des r\u00e2teliers \u00e0 foin que nous connaissons sont suspendus au mur, ce qui fait que la poussi\u00e8re tombe directement dans les naseaux du cheval. La digestion ne fonctionne pas non plus correctement, ce qui peut provoquer des coliques.<\/p>\n<p><strong>Stimulants alimentaires continus<\/strong><br \/>\nNous avons pris l'habitude de donner aux chevaux 2 shillings de foin le matin et le soir. Le cheval mange rapidement, puis il doit attendre 10 heures avant que le prochain repas n'apparaisse. Pendant cette p\u00e9riode, le cerveau du cheval lui transmet continuellement des stimuli pour manger.<\/p>\n<p><strong>Manger plus lentement<\/strong><br \/>\nAu d\u00e9but, lorsque vous utilisez la mangeoire naturelle, le cheval mange toute la mangeoire comme nous le lui avons appris. Lorsque cela se produit, vous la remplissez \u00e0 nouveau compl\u00e8tement. Il comprendra tr\u00e8s vite que le foin est constamment \u00e0 sa disposition et commencera \u00e0 manger plus lentement au cours de ces 17 heures par jour. C'est ce qu'on appelle le Slow Feeding !<\/p>","protected":false},"featured_media":652,"parent":0,"template":"","meta":{"_acf_changed":false,"_monsterinsights_skip_tracking":false,"_monsterinsights_sitenote_active":false,"_monsterinsights_sitenote_note":"","_monsterinsights_sitenote_category":0},"eigenschap":[],"product-categorie":[281],"class_list":["post-2844","product","type-product","status-publish","has-post-thumbnail","hentry","product-categorie-stal"],"acf":[],"_links":{"self":[{"href":"https:\/\/www.equitrend.nl\/fr\/wp-json\/wp\/v2\/product\/2844","targetHints":{"allow":["GET"]}}],"collection":[{"href":"https:\/\/www.equitrend.nl\/fr\/wp-json\/wp\/v2\/product"}],"about":[{"href":"https:\/\/www.equitrend.nl\/fr\/wp-json\/wp\/v2\/types\/product"}],"wp:featuredmedia":[{"embeddable":true,"href":"https:\/\/www.equitrend.nl\/fr\/wp-json\/wp\/v2\/media\/652"}],"wp:attachment":[{"href":"https:\/\/www.equitrend.nl\/fr\/wp-json\/wp\/v2\/media?parent=2844"}],"wp:term":[{"taxonomy":"eigenschap","embeddable":true,"href":"https:\/\/www.equitrend.nl\/fr\/wp-json\/wp\/v2\/eigenschap?post=2844"},{"taxonomy":"product-categorie","embeddable":true,"href":"https:\/\/www.equitrend.nl\/fr\/wp-json\/wp\/v2\/product-categorie?post=2844"}],"curies":[{"name":"wp","href":"https:\/\/api.w.org\/{rel}","templated":true}]}}