{"id":2842,"date":"2017-12-21T14:41:35","date_gmt":"2017-12-21T13:41:35","guid":{"rendered":"https:\/\/www.equitrend.nl\/nieuw\/product\/paardensolarium\/"},"modified":"2026-01-12T09:36:24","modified_gmt":"2026-01-12T08:36:24","slug":"solarium-pour-chevaux","status":"publish","type":"product","link":"https:\/\/www.equitrend.nl\/fr\/assortiment\/paardensolarium\/","title":{"rendered":"Solarium pour chevaux"},"content":{"rendered":"<h3><strong>Solarium pour chevaux en g\u00e9n\u00e9ral<\/strong><\/h3>\n<p>Equitrend propose une gamme vari\u00e9e de solariums pour chevaux. Les solariums sp\u00e9cialement con\u00e7us r\u00e9pondent aux exigences de qualit\u00e9 les plus \u00e9lev\u00e9es et sont construits selon les normes les plus r\u00e9centes. Les lampes infrarouges utilis\u00e9es sont de la plus haute qualit\u00e9 et de la plus grande efficacit\u00e9.<\/p>\n<p>Apr\u00e8s un exercice intense, votre cheval se r\u00e9tablit plus rapidement en utilisant le solarium. Gr\u00e2ce aux rayons infrarouges, le flux sanguin vers les muscles s'am\u00e9liore, ce qui r\u00e9duit la quantit\u00e9 de d\u00e9chets dans les muscles et diminue le risque de blessures. La chaleur infrarouge g\u00e9n\u00e9r\u00e9e permet aux muscles d'absorber plus rapidement les sucres du sang.<\/p>\n<h3>Les solariums que nous proposons :<\/h3>\n<ul>\n<li style=\"list-style-type: none;\">\n<ul>\n<li><a href=\"https:\/\/www.equitrend.nl\/fr\/product\/mercure\/\" target=\"_blank\" rel=\"noopener noreferrer\"><strong>MeRCuRR<\/strong><\/a><\/li>\n<li><a href=\"https:\/\/www.equitrend.nl\/fr\/product\/norme-maxuss\/\" target=\"_blank\" rel=\"noopener noreferrer\"><strong>MaXuSS Standard<\/strong><\/a><\/li>\n<li><a href=\"https:\/\/www.equitrend.nl\/fr\/product\/maxuss-pro-edition\/\" target=\"_blank\" rel=\"noopener noreferrer\"><strong>MaXuSS Pro Edition<\/strong><\/a><\/li>\n<li><a href=\"https:\/\/www.equitrend.nl\/fr\/product\/maxuss-thera\/\" target=\"_blank\" rel=\"noopener noreferrer\"><strong>MaXuSS Thera<\/strong><\/a><\/li>\n<\/ul>\n<\/li>\n<\/ul>\n<p><em>Vous souhaitez comparer les solariums ? Consultez la rubrique \u2018Sp\u00e9cifications\u2019.<\/em><\/p>\n<h3>Accessoires pour solariums pour chevaux disponibles chez nous :<\/h3>\n<ul>\n<li><a href=\"https:\/\/www.equitrend.nl\/fr\/product\/solarium-control-box-base\/\" target=\"_blank\" rel=\"noopener noreferrer\"><strong>Base du bo\u00eetier de commande Solarium<\/strong><\/a><\/li>\n<li><a href=\"https:\/\/www.equitrend.nl\/fr\/product\/boitier-de-commande-solarium-standard\/\" target=\"_blank\" rel=\"noopener noreferrer\"><strong>Bo\u00eetier de commande Solarium standard<\/strong><\/a><\/li>\n<li><a href=\"https:\/\/www.equitrend.nl\/fr\/product\/boitier-de-controle-du-solarium-minuterie\/\" target=\"_blank\" rel=\"noopener noreferrer\"><b>Bo\u00eetier de commande du solarium<\/b><\/a><\/li>\n<li><a href=\"https:\/\/www.equitrend.nl\/fr\/product\/machine-a-monnaie-solcd\/\" target=\"_blank\" rel=\"noopener noreferrer\"><strong>ATM SOLCD<\/strong><\/a><\/li>\n<li><a href=\"https:\/\/www.equitrend.nl\/fr\/product\/ascenseur-electrique\/\" target=\"_blank\" rel=\"noopener\"><strong>Ascenseur \u00e9lectrique<\/strong><\/a><\/li>\n<li><a href=\"https:\/\/www.equitrend.nl\/fr\/product\/support-dangle-solarium\/\" target=\"_blank\" rel=\"noopener noreferrer\"><strong>Equerre de solarium<\/strong><\/a><\/li>\n<li><a href=\"https:\/\/www.equitrend.nl\/fr\/product\/lampe-infrarouge\/\" target=\"_blank\" rel=\"noopener noreferrer\"><strong>Lampe infrarouge<\/strong><\/a><\/li>\n<\/ul>\n<h3>Lampe IR<\/h3>\n<p><strong>Pourquoi notre lampe IR a-t-elle une dur\u00e9e de vie plus longue ?<\/strong><br \/>\nLa raison pour laquelle les autres marques de lampes ont une dur\u00e9e de vie plus courte est que lorsqu'elles br\u00fblent en continu, elles ne peuvent plus faire face \u00e0 la temp\u00e9rature \u00e9lev\u00e9e. Nos lampes sont con\u00e7ues pour r\u00e9sister \u00e0 une chaleur continue. La dur\u00e9e de vie de notre lampe d\u00e9pend de la dur\u00e9e de vie du filament et peut br\u00fbler pendant au moins 6 mois cons\u00e9cutifs sans se briser, \u00e0 condition que le verre ne se brise pas en raison de facteurs externes.<\/p>\n<p><strong>Pourquoi notre lampe a-t-elle un rendement thermique plus \u00e9lev\u00e9 ?<\/strong><br \/>\nLa confiance dans la bonne m\u00e9thode de fabrication de la lampe a permis de placer le filament au centre de la lampe, cr\u00e9ant ainsi un meilleur point focal. La chaleur produite est ainsi concentr\u00e9e au centre.<\/p>\n<p><strong>Pourquoi notre pied de lampe ne se d\u00e9tache-t-il pas ?<\/strong><br \/>\nLe probl\u00e8me fondamental du desserrement du culot de la lampe r\u00e9side dans le fait que la colle avec laquelle le culot est coll\u00e9 se d\u00e9tache en raison de la surchauffe. Toutes les lampes produites avec une colle finissent par se d\u00e9grader. Dire \u201cnous utilisons de la superglue\u201d est une faible excuse, ce n'est pas la bonne solution. Nos lampes ne sont pas coll\u00e9es, ce qui est toujours le probl\u00e8me pour le desserrement du culot de la lampe. Nos lampes sont assembl\u00e9es m\u00e9caniquement \u00e0 l'aide d'un filetage. Cela ne posera JAMAIS le probl\u00e8me d'une ampoule qui se d\u00e9tache du culot.<\/p>","protected":false},"featured_media":3448,"parent":0,"template":"","meta":{"_acf_changed":false,"_monsterinsights_skip_tracking":false,"_monsterinsights_sitenote_active":false,"_monsterinsights_sitenote_note":"","_monsterinsights_sitenote_category":0},"eigenschap":[],"product-categorie":[456],"class_list":["post-2842","product","type-product","status-publish","has-post-thumbnail","hentry","product-categorie-solariums"],"acf":[],"_links":{"self":[{"href":"https:\/\/www.equitrend.nl\/fr\/wp-json\/wp\/v2\/product\/2842","targetHints":{"allow":["GET"]}}],"collection":[{"href":"https:\/\/www.equitrend.nl\/fr\/wp-json\/wp\/v2\/product"}],"about":[{"href":"https:\/\/www.equitrend.nl\/fr\/wp-json\/wp\/v2\/types\/product"}],"wp:featuredmedia":[{"embeddable":true,"href":"https:\/\/www.equitrend.nl\/fr\/wp-json\/wp\/v2\/media\/3448"}],"wp:attachment":[{"href":"https:\/\/www.equitrend.nl\/fr\/wp-json\/wp\/v2\/media?parent=2842"}],"wp:term":[{"taxonomy":"eigenschap","embeddable":true,"href":"https:\/\/www.equitrend.nl\/fr\/wp-json\/wp\/v2\/eigenschap?post=2842"},{"taxonomy":"product-categorie","embeddable":true,"href":"https:\/\/www.equitrend.nl\/fr\/wp-json\/wp\/v2\/product-categorie?post=2842"}],"curies":[{"name":"wp","href":"https:\/\/api.w.org\/{rel}","templated":true}]}}