{"id":2840,"date":"2017-12-21T14:19:50","date_gmt":"2017-12-21T13:19:50","guid":{"rendered":"https:\/\/www.equitrend.nl\/nieuw\/product\/veegmachine\/"},"modified":"2025-02-26T10:48:34","modified_gmt":"2025-02-26T09:48:34","slug":"balayeur","status":"publish","type":"product","link":"https:\/\/www.equitrend.nl\/fr\/assortiment\/veegmachine\/","title":{"rendered":"Balayeuse"},"content":{"rendered":"<p>Equitrend vend des balayeuses hydrauliques professionnelles et semi-professionnelles adapt\u00e9es au balayage du sable, de la neige, de la paille, des feuilles et des grosses salet\u00e9s dans les parkings, les all\u00e9es, les locaux commerciaux, les couloirs d'\u00e9curie, etc. Ces machines facilitent le travail sur et autour de la cour.<\/p>\n<p><strong>Silencieux<\/strong><br \/>\nLa balayeuse sans fil Sweep GS 0900R est une balayeuse \u00e9lectrique. La brosse aplatie assure un balayage optimal. Gr\u00e2ce \u00e0 sa conception sp\u00e9ciale, la brosse ne s'encrasse pas avec l'herbe, le foin ou la paille. Cette balayeuse est tr\u00e8s maniable et facile \u00e0 utiliser. Gr\u00e2ce \u00e0 son entra\u00eenement par batterie, la machine est totalement silencieuse.<\/p>\n<p>&nbsp;<\/p>","protected":false},"featured_media":629,"parent":0,"template":"","meta":{"_acf_changed":false,"_monsterinsights_skip_tracking":false,"_monsterinsights_sitenote_active":false,"_monsterinsights_sitenote_note":"","_monsterinsights_sitenote_category":0},"eigenschap":[],"product-categorie":[279,283],"class_list":["post-2840","product","type-product","status-publish","has-post-thumbnail","hentry","product-categorie-machines","product-categorie-uitgelicht"],"acf":[],"_links":{"self":[{"href":"https:\/\/www.equitrend.nl\/fr\/wp-json\/wp\/v2\/product\/2840","targetHints":{"allow":["GET"]}}],"collection":[{"href":"https:\/\/www.equitrend.nl\/fr\/wp-json\/wp\/v2\/product"}],"about":[{"href":"https:\/\/www.equitrend.nl\/fr\/wp-json\/wp\/v2\/types\/product"}],"wp:featuredmedia":[{"embeddable":true,"href":"https:\/\/www.equitrend.nl\/fr\/wp-json\/wp\/v2\/media\/629"}],"wp:attachment":[{"href":"https:\/\/www.equitrend.nl\/fr\/wp-json\/wp\/v2\/media?parent=2840"}],"wp:term":[{"taxonomy":"eigenschap","embeddable":true,"href":"https:\/\/www.equitrend.nl\/fr\/wp-json\/wp\/v2\/eigenschap?post=2840"},{"taxonomy":"product-categorie","embeddable":true,"href":"https:\/\/www.equitrend.nl\/fr\/wp-json\/wp\/v2\/product-categorie?post=2840"}],"curies":[{"name":"wp","href":"https:\/\/api.w.org\/{rel}","templated":true}]}}