{"id":2839,"date":"2017-12-21T14:04:57","date_gmt":"2017-12-21T13:04:57","guid":{"rendered":"https:\/\/www.equitrend.nl\/nieuw\/product\/hoefslag-kantploeg\/"},"modified":"2025-02-26T11:04:00","modified_gmt":"2025-02-26T10:04:00","slug":"equipe-de-dentelle-au-fer-a-cheval","status":"publish","type":"product","link":"https:\/\/www.equitrend.nl\/fr\/assortiment\/hoefslag-kantploeg\/","title":{"rendered":"Racloir pour bord de piste"},"content":{"rendered":"<p>Ce racloir a \u00e9t\u00e9 tout sp\u00e9cialement con\u00e7u pour lisser le sol le long du bord de la piste. Gr\u00e2ce \u00e0 son ouverture sur le c\u00f4t\u00e9, le racloir pour bord de piste convient parfaitement pour le Safety Wall. Vous pouvez rapidement et facilement lisser le bord de la piste, sans devoir d\u00e9marrer un tracteur ou d\u2019autres machines motoris\u00e9es.<\/p>\n<p><strong>Caract\u00e9ristiques<\/strong><\/p>\n<ul>\n<li><i class=\"icon icon-check-circle\"><\/i> Id\u00e9al pour lisser rapidement le bord de la piste<\/li>\n<li><i class=\"icon icon-check-circle\"><\/i> Pas besoin de d\u00e9placer les obstacles pendant l\u2019utilisation<\/li>\n<li><i class=\"icon icon-check-circle\"><\/i> Rapide et facile<\/li>\n<li><i class=\"icon icon-check-circle\"><\/i> Convient \u00e0 toutes les bases<\/li>\n<\/ul>","protected":false},"featured_media":625,"parent":0,"template":"","meta":{"_acf_changed":false,"_monsterinsights_skip_tracking":false,"_monsterinsights_sitenote_active":false,"_monsterinsights_sitenote_note":"","_monsterinsights_sitenote_category":0},"eigenschap":[],"product-categorie":[273,283],"class_list":["post-2839","product","type-product","status-publish","has-post-thumbnail","hentry","product-categorie-bodemvlakkers","product-categorie-uitgelicht"],"acf":[],"_links":{"self":[{"href":"https:\/\/www.equitrend.nl\/fr\/wp-json\/wp\/v2\/product\/2839","targetHints":{"allow":["GET"]}}],"collection":[{"href":"https:\/\/www.equitrend.nl\/fr\/wp-json\/wp\/v2\/product"}],"about":[{"href":"https:\/\/www.equitrend.nl\/fr\/wp-json\/wp\/v2\/types\/product"}],"wp:featuredmedia":[{"embeddable":true,"href":"https:\/\/www.equitrend.nl\/fr\/wp-json\/wp\/v2\/media\/625"}],"wp:attachment":[{"href":"https:\/\/www.equitrend.nl\/fr\/wp-json\/wp\/v2\/media?parent=2839"}],"wp:term":[{"taxonomy":"eigenschap","embeddable":true,"href":"https:\/\/www.equitrend.nl\/fr\/wp-json\/wp\/v2\/eigenschap?post=2839"},{"taxonomy":"product-categorie","embeddable":true,"href":"https:\/\/www.equitrend.nl\/fr\/wp-json\/wp\/v2\/product-categorie?post=2839"}],"curies":[{"name":"wp","href":"https:\/\/api.w.org\/{rel}","templated":true}]}}