{"id":2838,"date":"2017-12-21T13:51:14","date_gmt":"2017-12-21T12:51:14","guid":{"rendered":"https:\/\/www.equitrend.nl\/nieuw\/product\/hinderniswagen-met-huif\/"},"modified":"2025-02-26T11:02:59","modified_gmt":"2025-02-26T10:02:59","slug":"en-plus-du-chariot-a-obstacles-notre-gamme-comprend-egalement-un-chariot-pour-barres-dobstacle-cliquez-sur-le-bouton-ci-dessous-pour-voir-ce-produit","status":"publish","type":"product","link":"https:\/\/www.equitrend.nl\/fr\/assortiment\/hinderniswagen-met-huif\/","title":{"rendered":"Chariot \u00e0 obstacles avec b\u00e2che"},"content":{"rendered":"<p>Si vous souhaitez stocker votre mat\u00e9riel d'obstacle \u00e0 l'ext\u00e9rieur, ce chariot d'obstacle avec b\u00e2che est une v\u00e9ritable aubaine. Fabriqu\u00e9 en b\u00e2che de haute qualit\u00e9, il prot\u00e8ge vos poutres et vos montants contre les intemp\u00e9ries.<\/p>\n<p><strong>Capacit\u00e9<br \/>\n<\/strong>Ce chariot est id\u00e9al pour les \u00e9curies de saut, gr\u00e2ce \u00e0 sa capacit\u00e9 de pas moins de 120 barres d\u2019obstacle. Il vous permet ainsi de construire un parcours complet en un seul tour de piste.<br \/>\n<strong><br \/>\nRoues larges\/empattement<\/strong><br \/>\nLe chariot \u00e0 poutre d'obstacle a des dimensions de 350 x 150 cm et est \u00e9quip\u00e9 d'une solide plaque tournante. Le chariot est ainsi extr\u00eamement stable. Les larges pneus y contribuent et le rendent facile \u00e0 man\u0153uvrer.<\/p>\n<p><strong>Autres articles<\/strong><br \/>\nAu sein de ce groupe de produits, nous proposons \u00e9galement une <a href=\"https:\/\/www.equitrend.nl\/fr\/product\/voiture-a-obstacles\/?term=transport\">voiture \u00e0 obstacles<\/a> et <a href=\"https:\/\/www.equitrend.nl\/fr\/product\/chariot-pour-barres-dobstacle\/?term=transport\">chariot \u00e0 poutrelles<\/a> \u00e0.<\/p>","protected":false},"featured_media":620,"parent":0,"template":"","meta":{"_acf_changed":false,"_monsterinsights_skip_tracking":false,"_monsterinsights_sitenote_active":false,"_monsterinsights_sitenote_note":"","_monsterinsights_sitenote_category":0},"eigenschap":[],"product-categorie":[275],"class_list":["post-2838","product","type-product","status-publish","has-post-thumbnail","hentry","product-categorie-transport"],"acf":[],"_links":{"self":[{"href":"https:\/\/www.equitrend.nl\/fr\/wp-json\/wp\/v2\/product\/2838","targetHints":{"allow":["GET"]}}],"collection":[{"href":"https:\/\/www.equitrend.nl\/fr\/wp-json\/wp\/v2\/product"}],"about":[{"href":"https:\/\/www.equitrend.nl\/fr\/wp-json\/wp\/v2\/types\/product"}],"wp:featuredmedia":[{"embeddable":true,"href":"https:\/\/www.equitrend.nl\/fr\/wp-json\/wp\/v2\/media\/620"}],"wp:attachment":[{"href":"https:\/\/www.equitrend.nl\/fr\/wp-json\/wp\/v2\/media?parent=2838"}],"wp:term":[{"taxonomy":"eigenschap","embeddable":true,"href":"https:\/\/www.equitrend.nl\/fr\/wp-json\/wp\/v2\/eigenschap?post=2838"},{"taxonomy":"product-categorie","embeddable":true,"href":"https:\/\/www.equitrend.nl\/fr\/wp-json\/wp\/v2\/product-categorie?post=2838"}],"curies":[{"name":"wp","href":"https:\/\/api.w.org\/{rel}","templated":true}]}}