{"id":2835,"date":"2017-12-21T13:30:59","date_gmt":"2017-12-21T12:30:59","guid":{"rendered":"https:\/\/www.equitrend.nl\/nieuw\/product\/purple-packer\/"},"modified":"2025-02-26T11:12:27","modified_gmt":"2025-02-26T10:12:27","slug":"packer-violet","status":"publish","type":"product","link":"https:\/\/www.equitrend.nl\/fr\/assortiment\/purple-packer\/","title":{"rendered":"Purple Packer"},"content":{"rendered":"<p>Le Purple Packer est un accessoire pour mini-chargeuse ou chariot \u00e9l\u00e9vateur, con\u00e7u pour le curage des boxes. Ce grappin \u00e0 fumier est tr\u00e8s facile et rapide \u00e0 connecter et \u00e0 d\u00e9connecter, de sorte que la machine peut \u00e9galement \u00eatre utilis\u00e9e \u00e0 d\u2019autres fins. Le curage des boxes devient ainsi une t\u00e2che amusante! Une \u00e9curie d\u2019environ 12 m\u00b2 se nettoie en une seule op\u00e9ration. La machine convient pour les portes d\u2019\u00e9curie \u00e0 partir de 110 cm et les couloirs d\u2019\u00e9curie de 240 cm.<\/p>\n<p>Il convient aux portes d'\u00e9curie \u00e0 partir de 110 cm et \u00e0 un couloir d'\u00e9curie de 240 cm.<\/p>\n<p><strong>Les avantages<\/strong><\/p>\n<ul>\n<li>Pas de travail manuel<\/li>\n<li>Pas de fumier dans le couloir de l'\u00e9table<\/li>\n<li>Peu d'entretien<\/li>\n<li>Temps gagn\u00e9<\/li>\n<\/ul>\n<p>&nbsp;<\/p>","protected":false},"featured_media":611,"parent":0,"template":"","meta":{"_acf_changed":false,"_monsterinsights_skip_tracking":false,"_monsterinsights_sitenote_active":false,"_monsterinsights_sitenote_note":"","_monsterinsights_sitenote_category":0},"eigenschap":[],"product-categorie":[279],"class_list":["post-2835","product","type-product","status-publish","has-post-thumbnail","hentry","product-categorie-machines"],"acf":[],"_links":{"self":[{"href":"https:\/\/www.equitrend.nl\/fr\/wp-json\/wp\/v2\/product\/2835","targetHints":{"allow":["GET"]}}],"collection":[{"href":"https:\/\/www.equitrend.nl\/fr\/wp-json\/wp\/v2\/product"}],"about":[{"href":"https:\/\/www.equitrend.nl\/fr\/wp-json\/wp\/v2\/types\/product"}],"wp:featuredmedia":[{"embeddable":true,"href":"https:\/\/www.equitrend.nl\/fr\/wp-json\/wp\/v2\/media\/611"}],"wp:attachment":[{"href":"https:\/\/www.equitrend.nl\/fr\/wp-json\/wp\/v2\/media?parent=2835"}],"wp:term":[{"taxonomy":"eigenschap","embeddable":true,"href":"https:\/\/www.equitrend.nl\/fr\/wp-json\/wp\/v2\/eigenschap?post=2835"},{"taxonomy":"product-categorie","embeddable":true,"href":"https:\/\/www.equitrend.nl\/fr\/wp-json\/wp\/v2\/product-categorie?post=2835"}],"curies":[{"name":"wp","href":"https:\/\/api.w.org\/{rel}","templated":true}]}}