{"id":2834,"date":"2017-12-21T13:18:01","date_gmt":"2017-12-21T12:18:01","guid":{"rendered":"https:\/\/www.equitrend.nl\/nieuw\/product\/balkenwagen\/"},"modified":"2026-01-29T16:09:56","modified_gmt":"2026-01-29T15:09:56","slug":"chariot-pour-barres-dobstacle","status":"publish","type":"product","link":"https:\/\/www.equitrend.nl\/fr\/assortiment\/balkenwagen\/","title":{"rendered":"Chariot pour barres d'obsatcle"},"content":{"rendered":"<p>Ce chariot est id\u00e9al pour les \u00e9curies de saut, gr\u00e2ce \u00e0 sa capacit\u00e9 de pas moins de 120 barres d\u2019obstacle. Il vous permet ainsi de construire un parcours complet en un seul tour de piste.<\/p>\n<p><strong>Roues larges\/empattement<\/strong><br \/>\nLe chariot pour barres d\u2019obstacle a une taille de 250 x 120 cm et est \u00e9quip\u00e9 d\u2019un plateau tournant robuste. Cela rend le chariot extr\u00eamement stable. Les pneus larges y contribuent et facilitent la man\u0153uvre.<\/p>\n<p><strong>Timon et attelage<\/strong><br \/>\nLe timon est muni d\u2019une poign\u00e9e avec \u0153il de remorquage. Une barre de remorquage est fix\u00e9e \u00e0 l\u2019arri\u00e8re du chariot, ce qui est particuli\u00e8rement utile lorsque vous devez emporter un chariot \u00e0 obstacles avec vous. <a href=\"https:\/\/www.equitrend.nl\/fr\/product\/voiture-a-obstacles\/\">voiture \u00e0 obstacles<\/a> doivent emporter avec eux.<\/p>\n<p>&nbsp;<\/p>","protected":false},"featured_media":596,"parent":0,"template":"","meta":{"_acf_changed":false,"_monsterinsights_skip_tracking":false,"_monsterinsights_sitenote_active":false,"_monsterinsights_sitenote_note":"","_monsterinsights_sitenote_category":0},"eigenschap":[],"product-categorie":[275],"class_list":["post-2834","product","type-product","status-publish","has-post-thumbnail","hentry","product-categorie-transport"],"acf":[],"_links":{"self":[{"href":"https:\/\/www.equitrend.nl\/fr\/wp-json\/wp\/v2\/product\/2834","targetHints":{"allow":["GET"]}}],"collection":[{"href":"https:\/\/www.equitrend.nl\/fr\/wp-json\/wp\/v2\/product"}],"about":[{"href":"https:\/\/www.equitrend.nl\/fr\/wp-json\/wp\/v2\/types\/product"}],"wp:featuredmedia":[{"embeddable":true,"href":"https:\/\/www.equitrend.nl\/fr\/wp-json\/wp\/v2\/media\/596"}],"wp:attachment":[{"href":"https:\/\/www.equitrend.nl\/fr\/wp-json\/wp\/v2\/media?parent=2834"}],"wp:term":[{"taxonomy":"eigenschap","embeddable":true,"href":"https:\/\/www.equitrend.nl\/fr\/wp-json\/wp\/v2\/eigenschap?post=2834"},{"taxonomy":"product-categorie","embeddable":true,"href":"https:\/\/www.equitrend.nl\/fr\/wp-json\/wp\/v2\/product-categorie?post=2834"}],"curies":[{"name":"wp","href":"https:\/\/api.w.org\/{rel}","templated":true}]}}