{"id":2833,"date":"2017-12-21T13:19:57","date_gmt":"2017-12-21T12:19:57","guid":{"rendered":"https:\/\/www.equitrend.nl\/nieuw\/product\/purple-spreader\/"},"modified":"2025-02-26T11:12:48","modified_gmt":"2025-02-26T10:12:48","slug":"epandeur-violet","status":"publish","type":"product","link":"https:\/\/www.equitrend.nl\/fr\/assortiment\/purple-spreader\/","title":{"rendered":"Purple Spreader"},"content":{"rendered":"<p>Le Purple Spreader est un accessoire pour mini-chargeuse ou chariot \u00e9l\u00e9vateur, con\u00e7u pour r\u00e9pandre la paille dans les \u00e9curies. Cette pailleuse vous \u00e9pargnera beaucoup de travail. Le travail dans l\u2019\u00e9curie avance ainsi beaucoup plus vite et la machine vous permet d\u2019\u00e9conomiser beaucoup d\u2019\u00e9nergie et d\u2019efforts. De plus, cette pailleuse d\u00e9gage beaucoup moins de poussi\u00e8re, ce qui est nettement mieux pour la sant\u00e9 des utilisateurs et des chevaux. La machine est aussi tr\u00e8s facile \u00e0 utiliser. Le Purple Spreader permet d\u2019obtenir une liti\u00e8re de paille bien fournie. La machine convient aux grosses balles de paille et aux machines d\u2019une capacit\u00e9 de levage minimale de 700 kg.<\/p>\n<p><strong>Les avantages<\/strong><\/p>\n<ul>\n<li>La paille reste longue<\/li>\n<li>Petite poussi\u00e8re<\/li>\n<li>Fonctionnement simple<\/li>\n<li>Moins de travail<\/li>\n<\/ul>","protected":false},"featured_media":593,"parent":0,"template":"","meta":{"_acf_changed":false,"_monsterinsights_skip_tracking":false,"_monsterinsights_sitenote_active":false,"_monsterinsights_sitenote_note":"","_monsterinsights_sitenote_category":0},"eigenschap":[],"product-categorie":[279],"class_list":["post-2833","product","type-product","status-publish","has-post-thumbnail","hentry","product-categorie-machines"],"acf":[],"_links":{"self":[{"href":"https:\/\/www.equitrend.nl\/fr\/wp-json\/wp\/v2\/product\/2833","targetHints":{"allow":["GET"]}}],"collection":[{"href":"https:\/\/www.equitrend.nl\/fr\/wp-json\/wp\/v2\/product"}],"about":[{"href":"https:\/\/www.equitrend.nl\/fr\/wp-json\/wp\/v2\/types\/product"}],"wp:featuredmedia":[{"embeddable":true,"href":"https:\/\/www.equitrend.nl\/fr\/wp-json\/wp\/v2\/media\/593"}],"wp:attachment":[{"href":"https:\/\/www.equitrend.nl\/fr\/wp-json\/wp\/v2\/media?parent=2833"}],"wp:term":[{"taxonomy":"eigenschap","embeddable":true,"href":"https:\/\/www.equitrend.nl\/fr\/wp-json\/wp\/v2\/eigenschap?post=2833"},{"taxonomy":"product-categorie","embeddable":true,"href":"https:\/\/www.equitrend.nl\/fr\/wp-json\/wp\/v2\/product-categorie?post=2833"}],"curies":[{"name":"wp","href":"https:\/\/api.w.org\/{rel}","templated":true}]}}