{"id":2832,"date":"2017-12-21T13:13:17","date_gmt":"2017-12-21T12:13:17","guid":{"rendered":"https:\/\/www.equitrend.nl\/nieuw\/product\/hinderniswagen\/"},"modified":"2026-01-29T16:10:20","modified_gmt":"2026-01-29T15:10:20","slug":"voiture-a-obstacles","status":"publish","type":"product","link":"https:\/\/www.equitrend.nl\/fr\/assortiment\/hinderniswagen\/","title":{"rendered":"Chariot \u00e0 obstacles"},"content":{"rendered":"<p>Si vous utilisez des obstacles, vous savez que ce n\u2019est jamais une mince affaire de tout mettre \u00e0 la bonne place. Avec ce chariot \u00e0 obstacles manuel, cela devient beaucoup plus facile. Les roues larges vous permettent de transporter facilement des chandeliers et des barres d\u2019obstacle sur le sable de votre piste. Il y a de fortes chances que vous utilisiez ce chariot toute l\u2019ann\u00e9e pour stocker votre mat\u00e9riel d\u2019obstacle.<\/p>\n<p><strong>Timon et attelage<\/strong><br \/>\nLe timon est muni d\u2019une poign\u00e9e avec \u0153il de remorquage. Une barre de remorquage est fix\u00e9e \u00e0 l\u2019arri\u00e8re du chariot, ce qui est particuli\u00e8rement utile lorsque vous devez emporter un chariot \u00e0 obstacles avec vous. <a href=\"\/fr\/product\/chariot-pour-barres-dobstacle\/\">chariot \u00e0 poutrelles<\/a> doivent emporter avec eux.<\/p>\n<p><strong>Roues larges\/empattement<\/strong><br \/>\nLe chariot \u00e0 obstacles a une taille de 350 x 50 cm et est \u00e9quip\u00e9 d\u2019un plateau tournant robuste. Cela rend le chariot extr\u00eamement stable. Les pneus larges y contribuent et facilitent la man\u0153uvre<\/p>","protected":false},"featured_media":583,"parent":0,"template":"","meta":{"_acf_changed":false,"_monsterinsights_skip_tracking":false,"_monsterinsights_sitenote_active":false,"_monsterinsights_sitenote_note":"","_monsterinsights_sitenote_category":0},"eigenschap":[],"product-categorie":[275],"class_list":["post-2832","product","type-product","status-publish","has-post-thumbnail","hentry","product-categorie-transport"],"acf":[],"_links":{"self":[{"href":"https:\/\/www.equitrend.nl\/fr\/wp-json\/wp\/v2\/product\/2832","targetHints":{"allow":["GET"]}}],"collection":[{"href":"https:\/\/www.equitrend.nl\/fr\/wp-json\/wp\/v2\/product"}],"about":[{"href":"https:\/\/www.equitrend.nl\/fr\/wp-json\/wp\/v2\/types\/product"}],"wp:featuredmedia":[{"embeddable":true,"href":"https:\/\/www.equitrend.nl\/fr\/wp-json\/wp\/v2\/media\/583"}],"wp:attachment":[{"href":"https:\/\/www.equitrend.nl\/fr\/wp-json\/wp\/v2\/media?parent=2832"}],"wp:term":[{"taxonomy":"eigenschap","embeddable":true,"href":"https:\/\/www.equitrend.nl\/fr\/wp-json\/wp\/v2\/eigenschap?post=2832"},{"taxonomy":"product-categorie","embeddable":true,"href":"https:\/\/www.equitrend.nl\/fr\/wp-json\/wp\/v2\/product-categorie?post=2832"}],"curies":[{"name":"wp","href":"https:\/\/api.w.org\/{rel}","templated":true}]}}