{"id":2831,"date":"2017-12-21T12:53:22","date_gmt":"2017-12-21T11:53:22","guid":{"rendered":"https:\/\/www.equitrend.nl\/nieuw\/product\/strowagen\/"},"modified":"2025-02-26T10:50:26","modified_gmt":"2025-02-26T09:50:26","slug":"strowagen","status":"publish","type":"product","link":"https:\/\/www.equitrend.nl\/fr\/assortiment\/strowagen\/","title":{"rendered":"Chariot \u00e0 foin"},"content":{"rendered":"<p>Ce chariot \u00e0 foin est l'outil id\u00e9al pour transporter de grandes bottes de paille ou de foin. L'\u00e9parpillement de vos \u00e9curies sera plus rapide et plus efficace.<\/p>\n<p><strong>Charge utile<\/strong><br \/>\nSa grande surface de chargement de 250 cm x 120 cm vous permet de transporter jusqu'\u00e0 1 200 kg de paille ou de foin rapidement et en toute s\u00e9curit\u00e9. Ce chariot \u00e0 paille est donc particuli\u00e8rement adapt\u00e9 aux grandes entreprises \u00e9questres disposant de nombreuses \u00e9curies.<\/p>\n<p><strong>Autres produits dans cette cat\u00e9gorie<\/strong><br \/>\nSaviez-vous que nous avons \u00e9galement un chariot \u00e0 paille \u00e9lectrique dans notre gamme ? D\u00e9couvrez ce produit en cliquant sur le bouton ci-dessous.<br \/>\n<div  class='avia-button-wrap av-7kmkn-b3f5ec34277f9c81d6ad8aad865aa8df-wrap avia-button-left  avia-builder-el-0  avia-builder-el-no-sibling'><a href='\/fr\/camion-a-paille-a-moteur-electrique\/?term=transport'  class='avia-button av-7kmkn-b3f5ec34277f9c81d6ad8aad865aa8df av-link-btn avia-icon_select-no avia-size-small avia-position-left avia-color-theme-color'   aria-label=\"Voir la pailleuse \u00e0 moteur \u00e9lectrique\"><span class='avia_iconbox_title' >Voir la pailleuse \u00e0 moteur \u00e9lectrique<\/span><\/a><\/div><\/p>","protected":false},"featured_media":578,"parent":0,"template":"","meta":{"_acf_changed":false,"_monsterinsights_skip_tracking":false,"_monsterinsights_sitenote_active":false,"_monsterinsights_sitenote_note":"","_monsterinsights_sitenote_category":0},"eigenschap":[],"product-categorie":[275],"class_list":["post-2831","product","type-product","status-publish","has-post-thumbnail","hentry","product-categorie-transport"],"acf":[],"_links":{"self":[{"href":"https:\/\/www.equitrend.nl\/fr\/wp-json\/wp\/v2\/product\/2831","targetHints":{"allow":["GET"]}}],"collection":[{"href":"https:\/\/www.equitrend.nl\/fr\/wp-json\/wp\/v2\/product"}],"about":[{"href":"https:\/\/www.equitrend.nl\/fr\/wp-json\/wp\/v2\/types\/product"}],"wp:featuredmedia":[{"embeddable":true,"href":"https:\/\/www.equitrend.nl\/fr\/wp-json\/wp\/v2\/media\/578"}],"wp:attachment":[{"href":"https:\/\/www.equitrend.nl\/fr\/wp-json\/wp\/v2\/media?parent=2831"}],"wp:term":[{"taxonomy":"eigenschap","embeddable":true,"href":"https:\/\/www.equitrend.nl\/fr\/wp-json\/wp\/v2\/eigenschap?post=2831"},{"taxonomy":"product-categorie","embeddable":true,"href":"https:\/\/www.equitrend.nl\/fr\/wp-json\/wp\/v2\/product-categorie?post=2831"}],"curies":[{"name":"wp","href":"https:\/\/api.w.org\/{rel}","templated":true}]}}