{"id":2830,"date":"2017-12-21T12:44:09","date_gmt":"2017-12-21T11:44:09","guid":{"rendered":"https:\/\/www.equitrend.nl\/nieuw\/product\/voerkar\/"},"modified":"2025-03-06T15:43:47","modified_gmt":"2025-03-06T14:43:47","slug":"chariot-dalimentation","status":"publish","type":"product","link":"https:\/\/www.equitrend.nl\/fr\/assortiment\/voerkar\/","title":{"rendered":"Chariot \u00e0 aliments"},"content":{"rendered":"<p>Ce chariot d'alimentation en m\u00e9tal est indispensable \u00e0 toute \u00e9curie. Il a une capacit\u00e9 de 350 litres divis\u00e9e en 3 compartiments. Le chariot d'alimentation est fabriqu\u00e9 en acier et poss\u00e8de 3 roues, dont une roue pivotante, ce qui le rend facile \u00e0 man\u0153uvrer dans l'\u00e9curie.<\/p>\n<p><strong>Transport de plusieurs types d'aliments pour animaux<\/strong><br \/>\nLa division en 3 compartiments permet de transporter plusieurs types d'aliments. Vous pouvez ainsi nourrir tous les chevaux en une seule tourn\u00e9e avec, par exemple, des granul\u00e9s, de l'avoine et du muesli.<\/p>\n<p><strong>Enferm\u00e9s \u00e0 l'abri des nuisibles<\/strong><br \/>\nLe chariot d'alimentation est \u00e9quip\u00e9 de 2 couvercles. Cela permet de garder l'ensemble bien ferm\u00e9 et d'emp\u00eacher les animaux nuisibles d'acc\u00e9der \u00e0 votre nourriture.<\/p>\n<p><strong>Accessoire<\/strong><br \/>\nUn plateau sur mesure est fourni en standard, dans lequel vous pouvez ranger vos compl\u00e9ments.<\/p>\n<p>&nbsp;<\/p>","protected":false},"featured_media":3350,"parent":0,"template":"","meta":{"_acf_changed":false,"_monsterinsights_skip_tracking":false,"_monsterinsights_sitenote_active":false,"_monsterinsights_sitenote_note":"","_monsterinsights_sitenote_category":0},"eigenschap":[],"product-categorie":[275],"class_list":["post-2830","product","type-product","status-publish","has-post-thumbnail","hentry","product-categorie-transport"],"acf":[],"_links":{"self":[{"href":"https:\/\/www.equitrend.nl\/fr\/wp-json\/wp\/v2\/product\/2830","targetHints":{"allow":["GET"]}}],"collection":[{"href":"https:\/\/www.equitrend.nl\/fr\/wp-json\/wp\/v2\/product"}],"about":[{"href":"https:\/\/www.equitrend.nl\/fr\/wp-json\/wp\/v2\/types\/product"}],"wp:featuredmedia":[{"embeddable":true,"href":"https:\/\/www.equitrend.nl\/fr\/wp-json\/wp\/v2\/media\/3350"}],"wp:attachment":[{"href":"https:\/\/www.equitrend.nl\/fr\/wp-json\/wp\/v2\/media?parent=2830"}],"wp:term":[{"taxonomy":"eigenschap","embeddable":true,"href":"https:\/\/www.equitrend.nl\/fr\/wp-json\/wp\/v2\/eigenschap?post=2830"},{"taxonomy":"product-categorie","embeddable":true,"href":"https:\/\/www.equitrend.nl\/fr\/wp-json\/wp\/v2\/product-categorie?post=2830"}],"curies":[{"name":"wp","href":"https:\/\/api.w.org\/{rel}","templated":true}]}}