{"id":2827,"date":"2017-12-21T11:13:29","date_gmt":"2017-12-21T10:13:29","guid":{"rendered":"https:\/\/www.equitrend.nl\/nieuw\/product\/mestcontainer\/"},"modified":"2025-02-26T11:06:49","modified_gmt":"2025-02-26T10:06:49","slug":"conteneur-a-fumier","status":"publish","type":"product","link":"https:\/\/www.equitrend.nl\/fr\/assortiment\/mestcontainer\/","title":{"rendered":"Conteneur \u00e0 fumier"},"content":{"rendered":"<p>Ce conteneur \u00e0 fumier a une capacit\u00e9 de pas moins de 2 400 litres. Cela \u00e9quivaut \u00e0 12 brouettes pleines. Ce conteneur \u00e0 fumier est donc id\u00e9al pour le curage des \u00e9curies. Vous ne devez plus monter et descendre avec votre brouette. Lorsque le conteneur est plein, vous pouvez le vider \u00e0 l'aide d'un chargeur.<\/p>\n<p><strong>ACIER INOXYDABLE\u00a0<\/strong><br \/>\nLe conteneur \u00e0 fumier est fabriqu\u00e9 en acier inoxydable. La peau oxyd\u00e9e du mat\u00e9riau ferme bien le mat\u00e9riau sous-jacent, ce qui emp\u00eache la formation de rouille. C'est pratique, d'autant plus que le conteneur d'engrais est en contact avec une grande quantit\u00e9 d'ammoniaque provenant du fumier de cheval. Il conserve ainsi son aspect neuf pendant des ann\u00e9es.<\/p>\n<p><strong>Facile \u00e0 man\u0153uvrer<\/strong><br \/>\nGr\u00e2ce \u00e0 ses quatre pneus, dont deux \u00e0 roulettes, le conteneur \u00e0 fumier est facile \u00e0 man\u0153uvrer dans l'\u00e9table. Un autre avantage est qu'il n'est pas lourd \u00e0 d\u00e9placer. Par cons\u00e9quent, tout le monde dans l'\u00e9curie peut travailler avec.<\/p>","protected":false},"featured_media":559,"parent":0,"template":"","meta":{"_acf_changed":false,"_monsterinsights_skip_tracking":false,"_monsterinsights_sitenote_active":false,"_monsterinsights_sitenote_note":"","_monsterinsights_sitenote_category":0},"eigenschap":[],"product-categorie":[275],"class_list":["post-2827","product","type-product","status-publish","has-post-thumbnail","hentry","product-categorie-transport"],"acf":[],"_links":{"self":[{"href":"https:\/\/www.equitrend.nl\/fr\/wp-json\/wp\/v2\/product\/2827","targetHints":{"allow":["GET"]}}],"collection":[{"href":"https:\/\/www.equitrend.nl\/fr\/wp-json\/wp\/v2\/product"}],"about":[{"href":"https:\/\/www.equitrend.nl\/fr\/wp-json\/wp\/v2\/types\/product"}],"wp:featuredmedia":[{"embeddable":true,"href":"https:\/\/www.equitrend.nl\/fr\/wp-json\/wp\/v2\/media\/559"}],"wp:attachment":[{"href":"https:\/\/www.equitrend.nl\/fr\/wp-json\/wp\/v2\/media?parent=2827"}],"wp:term":[{"taxonomy":"eigenschap","embeddable":true,"href":"https:\/\/www.equitrend.nl\/fr\/wp-json\/wp\/v2\/eigenschap?post=2827"},{"taxonomy":"product-categorie","embeddable":true,"href":"https:\/\/www.equitrend.nl\/fr\/wp-json\/wp\/v2\/product-categorie?post=2827"}],"curies":[{"name":"wp","href":"https:\/\/api.w.org\/{rel}","templated":true}]}}