{"id":2826,"date":"2017-12-21T10:59:29","date_gmt":"2017-12-21T09:59:29","guid":{"rendered":"https:\/\/www.equitrend.nl\/nieuw\/product\/kruiwagen-430l\/"},"modified":"2025-03-06T15:31:09","modified_gmt":"2025-03-06T14:31:09","slug":"brouette-430l","status":"publish","type":"product","link":"https:\/\/www.equitrend.nl\/fr\/assortiment\/kruiwagen-430l\/","title":{"rendered":"Brouette - 430L"},"content":{"rendered":"<p>Cette brouette permet de transporter jusqu'\u00e0 430 litres. Id\u00e9ale pour transporter de grandes quantit\u00e9s de fumier, d'eau ou de paille d'un point \u00e0 l'autre de l'\u00e9table. La poubelle est fabriqu\u00e9e en poly\u00e9thyl\u00e8ne<b>\u00a0<\/b>et le cadre est galvanis\u00e9. Cette brouette est donc tr\u00e8s r\u00e9sistante.<\/p>\n<p><strong>Le confort des deux roues<\/strong><br \/>\nComme la brouette a deux roues, elle ne peut pas se renverser. Ainsi, qu'elle soit vide ou pleine, vous pouvez m\u00eame la diriger d'une seule main. Pratique pour transporter une fourche ou un balai jusqu'\u00e0 la prochaine \u00e9table, par exemple.<\/p>\n<p><strong>Roues robustes<\/strong><br \/>\nComme cette brouette a une capacit\u00e9 de 430 litres, elle est \u00e9quip\u00e9e de pneus robustes \u00e0 4 couches. Elle est \u00e9quip\u00e9e de jantes en acier avec roulements \u00e0 billes. Cette brouette convient donc parfaitement \u00e0 un usage quotidien, tant \u00e0 l'int\u00e9rieur qu'\u00e0 l'ext\u00e9rieur.<\/p>","protected":false},"featured_media":3331,"parent":0,"template":"","meta":{"_acf_changed":false,"_monsterinsights_skip_tracking":false,"_monsterinsights_sitenote_active":false,"_monsterinsights_sitenote_note":"","_monsterinsights_sitenote_category":0},"eigenschap":[],"product-categorie":[275,283],"class_list":["post-2826","product","type-product","status-publish","has-post-thumbnail","hentry","product-categorie-transport","product-categorie-uitgelicht"],"acf":[],"_links":{"self":[{"href":"https:\/\/www.equitrend.nl\/fr\/wp-json\/wp\/v2\/product\/2826","targetHints":{"allow":["GET"]}}],"collection":[{"href":"https:\/\/www.equitrend.nl\/fr\/wp-json\/wp\/v2\/product"}],"about":[{"href":"https:\/\/www.equitrend.nl\/fr\/wp-json\/wp\/v2\/types\/product"}],"wp:featuredmedia":[{"embeddable":true,"href":"https:\/\/www.equitrend.nl\/fr\/wp-json\/wp\/v2\/media\/3331"}],"wp:attachment":[{"href":"https:\/\/www.equitrend.nl\/fr\/wp-json\/wp\/v2\/media?parent=2826"}],"wp:term":[{"taxonomy":"eigenschap","embeddable":true,"href":"https:\/\/www.equitrend.nl\/fr\/wp-json\/wp\/v2\/eigenschap?post=2826"},{"taxonomy":"product-categorie","embeddable":true,"href":"https:\/\/www.equitrend.nl\/fr\/wp-json\/wp\/v2\/product-categorie?post=2826"}],"curies":[{"name":"wp","href":"https:\/\/api.w.org\/{rel}","templated":true}]}}