{"id":2825,"date":"2017-12-21T11:03:53","date_gmt":"2017-12-21T10:03:53","guid":{"rendered":"https:\/\/www.equitrend.nl\/nieuw\/product\/zadelwagen\/"},"modified":"2025-02-26T10:43:57","modified_gmt":"2025-02-26T09:43:57","slug":"chariot-de-selle","status":"publish","type":"product","link":"https:\/\/www.equitrend.nl\/fr\/assortiment\/zadelwagen\/","title":{"rendered":"Chariot porte-selle"},"content":{"rendered":"<p>Ce chariot \u00e0 selle en bois multifonctionnel facilite grandement la vie \u00e0 l'\u00e9curie. Ce chariot \u00e0 roulettes peut \u00eatre consid\u00e9r\u00e9 comme la bo\u00eete \u00e0 outils du cavalier et de la cavali\u00e8re. Le chariot de selle dispose d'un espace de rangement spacieux en dessous, o\u00f9 vous pouvez ranger vos brosses et vos protections, par exemple. En outre, le chariot est \u00e9quip\u00e9 d'un porte-brides. Les pneus permettent de d\u00e9placer facilement le chariot \u00e0 selle, m\u00eame sur les chemins accident\u00e9s. Convient \u00e0 tout type de selle.<\/p>\n<p><strong>Partie sup\u00e9rieure rotative<\/strong><\/p>\n<p>En outre, le chariot \u00e0 harnais est dot\u00e9 d'un gadget tr\u00e8s pratique : la partie sup\u00e9rieure peut pivoter, ce qui permet de nettoyer et d'entretenir \u00e9galement le dessous de la selle. Il est d\u00e9sormais tr\u00e8s facile de toiletter et de d\u00e9placer votre mat\u00e9riel.<\/p>","protected":false},"featured_media":549,"parent":0,"template":"","meta":{"_acf_changed":false,"_monsterinsights_skip_tracking":false,"_monsterinsights_sitenote_active":false,"_monsterinsights_sitenote_note":"","_monsterinsights_sitenote_category":0},"eigenschap":[],"product-categorie":[281],"class_list":["post-2825","product","type-product","status-publish","has-post-thumbnail","hentry","product-categorie-stal"],"acf":[],"_links":{"self":[{"href":"https:\/\/www.equitrend.nl\/fr\/wp-json\/wp\/v2\/product\/2825","targetHints":{"allow":["GET"]}}],"collection":[{"href":"https:\/\/www.equitrend.nl\/fr\/wp-json\/wp\/v2\/product"}],"about":[{"href":"https:\/\/www.equitrend.nl\/fr\/wp-json\/wp\/v2\/types\/product"}],"wp:featuredmedia":[{"embeddable":true,"href":"https:\/\/www.equitrend.nl\/fr\/wp-json\/wp\/v2\/media\/549"}],"wp:attachment":[{"href":"https:\/\/www.equitrend.nl\/fr\/wp-json\/wp\/v2\/media?parent=2825"}],"wp:term":[{"taxonomy":"eigenschap","embeddable":true,"href":"https:\/\/www.equitrend.nl\/fr\/wp-json\/wp\/v2\/eigenschap?post=2825"},{"taxonomy":"product-categorie","embeddable":true,"href":"https:\/\/www.equitrend.nl\/fr\/wp-json\/wp\/v2\/product-categorie?post=2825"}],"curies":[{"name":"wp","href":"https:\/\/api.w.org\/{rel}","templated":true}]}}