{"id":2824,"date":"2017-12-21T10:30:06","date_gmt":"2017-12-21T09:30:06","guid":{"rendered":"https:\/\/www.equitrend.nl\/nieuw\/product\/droogsysteem\/"},"modified":"2025-02-26T10:57:04","modified_gmt":"2025-02-26T09:57:04","slug":"systeme-de-sechage","status":"publish","type":"product","link":"https:\/\/www.equitrend.nl\/fr\/assortiment\/droogsysteem\/","title":{"rendered":"Porte-couverture avec syst\u00e8me de s\u00e9chage"},"content":{"rendered":"<p>Le s\u00e9chage des couvertures de chevaux n'a jamais \u00e9t\u00e9 aussi facile. Les couvertures peuvent \u00eatre attach\u00e9es tr\u00e8s facilement \u00e0 notre support de s\u00e9chage brevet\u00e9. Sa forme parfaite et sa capacit\u00e9 de chauffage s\u00e9cheront vos couvertures en quelques heures. Cette m\u00e9thode de s\u00e9chage prolonge la dur\u00e9e de vie des couvertures, \u00e9vite les moisissures et les mauvaises odeurs.<\/p>\n<p><strong>Convivialit\u00e9<\/strong><br \/>\nLe support se distingue par sa facilit\u00e9 d'utilisation, car vous pouvez tirer le support vers vous. Vous pouvez alors tr\u00e8s facilement y suspendre une couverture. En pla\u00e7ant le support de s\u00e9chage \u00e0 la verticale, vous pouvez ajouter des articles tels que des couvertures, des tendons et des boucles et ils seront secs en quelques minutes.<\/p>\n<p><strong>Consommation \u00e9lectrique<br \/>\n<\/strong>Le syst\u00e8me de s\u00e9chage consomme 600 W par clayette et s'\u00e9teint automatiquement au bout de trois heures. Vous ne consommez donc jamais d'\u00e9nergie inutile.<\/p>","protected":false},"featured_media":546,"parent":0,"template":"","meta":{"_acf_changed":false,"_monsterinsights_skip_tracking":false,"_monsterinsights_sitenote_active":false,"_monsterinsights_sitenote_note":"","_monsterinsights_sitenote_category":0},"eigenschap":[],"product-categorie":[281],"class_list":["post-2824","product","type-product","status-publish","has-post-thumbnail","hentry","product-categorie-stal"],"acf":[],"_links":{"self":[{"href":"https:\/\/www.equitrend.nl\/fr\/wp-json\/wp\/v2\/product\/2824","targetHints":{"allow":["GET"]}}],"collection":[{"href":"https:\/\/www.equitrend.nl\/fr\/wp-json\/wp\/v2\/product"}],"about":[{"href":"https:\/\/www.equitrend.nl\/fr\/wp-json\/wp\/v2\/types\/product"}],"wp:featuredmedia":[{"embeddable":true,"href":"https:\/\/www.equitrend.nl\/fr\/wp-json\/wp\/v2\/media\/546"}],"wp:attachment":[{"href":"https:\/\/www.equitrend.nl\/fr\/wp-json\/wp\/v2\/media?parent=2824"}],"wp:term":[{"taxonomy":"eigenschap","embeddable":true,"href":"https:\/\/www.equitrend.nl\/fr\/wp-json\/wp\/v2\/eigenschap?post=2824"},{"taxonomy":"product-categorie","embeddable":true,"href":"https:\/\/www.equitrend.nl\/fr\/wp-json\/wp\/v2\/product-categorie?post=2824"}],"curies":[{"name":"wp","href":"https:\/\/api.w.org\/{rel}","templated":true}]}}