{"id":2823,"date":"2017-12-21T10:21:51","date_gmt":"2017-12-21T09:21:51","guid":{"rendered":"https:\/\/www.equitrend.nl\/nieuw\/product\/kruiwagen-k600l-2w\/"},"modified":"2025-03-06T15:40:39","modified_gmt":"2025-03-06T14:40:39","slug":"brouette-k600l-2w","status":"publish","type":"product","link":"https:\/\/www.equitrend.nl\/fr\/assortiment\/kruiwagen-k600l-2w\/","title":{"rendered":"Brouette - 600L"},"content":{"rendered":"<p>Le transport de gros volumes ne pose aucun probl\u00e8me avec cette grande brouette d'une capacit\u00e9 de 600 litres. La poubelle est fabriqu\u00e9e en poly\u00e9thyl\u00e8ne<b>\u00a0<\/b>et le cadre est galvanis\u00e9. Cette brouette est donc tr\u00e8s r\u00e9sistante.<\/p>\n<p><strong>Le confort des deux roues<\/strong><br \/>\nComme la brouette a deux roues, elle ne peut pas se renverser. Ainsi, qu'elle soit vide ou pleine, vous pouvez m\u00eame la diriger d'une seule main. Pratique pour transporter une fourche ou un balai jusqu'\u00e0 la prochaine \u00e9table, par exemple.<\/p>\n<p><strong>Roues robustes<\/strong><br \/>\nComme cette brouette a une capacit\u00e9 de 600 litres, elle est \u00e9quip\u00e9e de solides pneus \u00e0 4 plis. Ils sont dot\u00e9s de jantes en acier avec roulements \u00e0 billes. Cette brouette convient donc parfaitement \u00e0 un usage quotidien, tant \u00e0 l'int\u00e9rieur qu'\u00e0 l'ext\u00e9rieur.<\/p>","protected":false},"featured_media":3339,"parent":0,"template":"","meta":{"_acf_changed":false,"_monsterinsights_skip_tracking":false,"_monsterinsights_sitenote_active":false,"_monsterinsights_sitenote_note":"","_monsterinsights_sitenote_category":0},"eigenschap":[],"product-categorie":[275],"class_list":["post-2823","product","type-product","status-publish","has-post-thumbnail","hentry","product-categorie-transport"],"acf":[],"_links":{"self":[{"href":"https:\/\/www.equitrend.nl\/fr\/wp-json\/wp\/v2\/product\/2823","targetHints":{"allow":["GET"]}}],"collection":[{"href":"https:\/\/www.equitrend.nl\/fr\/wp-json\/wp\/v2\/product"}],"about":[{"href":"https:\/\/www.equitrend.nl\/fr\/wp-json\/wp\/v2\/types\/product"}],"wp:featuredmedia":[{"embeddable":true,"href":"https:\/\/www.equitrend.nl\/fr\/wp-json\/wp\/v2\/media\/3339"}],"wp:attachment":[{"href":"https:\/\/www.equitrend.nl\/fr\/wp-json\/wp\/v2\/media?parent=2823"}],"wp:term":[{"taxonomy":"eigenschap","embeddable":true,"href":"https:\/\/www.equitrend.nl\/fr\/wp-json\/wp\/v2\/eigenschap?post=2823"},{"taxonomy":"product-categorie","embeddable":true,"href":"https:\/\/www.equitrend.nl\/fr\/wp-json\/wp\/v2\/product-categorie?post=2823"}],"curies":[{"name":"wp","href":"https:\/\/api.w.org\/{rel}","templated":true}]}}