{"id":2821,"date":"2017-12-21T09:43:59","date_gmt":"2017-12-21T08:43:59","guid":{"rendered":"https:\/\/www.equitrend.nl\/nieuw\/product\/multi-mover\/"},"modified":"2025-02-26T11:08:23","modified_gmt":"2025-02-26T10:08:23","slug":"multi-mouvement","status":"publish","type":"product","link":"https:\/\/www.equitrend.nl\/fr\/assortiment\/multi-mover\/","title":{"rendered":"Multi-Mover"},"content":{"rendered":"<p>Avec ce tracteur \u00e9lectrique Multi-Mover, vous pouvez facilement d\u00e9placer et man\u0153uvrer votre remorque et votre caravane sur un terrain plat. Gr\u00e2ce \u00e0 ses pneus sp\u00e9ciaux et \u00e0 son syst\u00e8me d'entra\u00eenement, le Multi-Mover peut \u00eatre utilis\u00e9 aussi bien sur des sols durs que sur des sols mous. Id\u00e9al si vous souhaitez d\u00e9placer votre remorque. C'est plus facile et plus rapide que si vous le faisiez avec votre voiture.<\/p>\n<p><strong>Mod\u00e8les<br \/>\n<\/strong>- Multi-Mover M (bleu) - jusqu'\u00e0 1800 kg<br \/>\n- Multi-Mover L (jaune) - jusqu'\u00e0 2500 kg<\/p>\n<p><strong>Traction<\/strong><br \/>\nLe Multi-Mover est capable de d\u00e9placer des charges allant jusqu'\u00e0 1800 kg (variante bleue) ou 2500 kg (variante jaune). A titre de comparaison, une remorque \u00e0 2 chevaux p\u00e8se, \u00e0 vide, entre 650 kg et 1020 kg. Vous ne devez donc plus pousser, bousculer ou tirer vous-m\u00eame votre remorque.<\/p>\n<p><strong>Batterie<\/strong><br \/>\nLa batterie du Multi-Mover dure toute une journ\u00e9e de travail. Avec le chargeur de batterie fourni, le Multi-Mover est pr\u00eat pour une utilisation polyvalente apr\u00e8s seulement 5 heures.<\/p>","protected":false},"featured_media":516,"parent":0,"template":"","meta":{"_acf_changed":false,"_monsterinsights_skip_tracking":false,"_monsterinsights_sitenote_active":false,"_monsterinsights_sitenote_note":"","_monsterinsights_sitenote_category":0},"eigenschap":[],"product-categorie":[275],"class_list":["post-2821","product","type-product","status-publish","has-post-thumbnail","hentry","product-categorie-transport"],"acf":[],"_links":{"self":[{"href":"https:\/\/www.equitrend.nl\/fr\/wp-json\/wp\/v2\/product\/2821","targetHints":{"allow":["GET"]}}],"collection":[{"href":"https:\/\/www.equitrend.nl\/fr\/wp-json\/wp\/v2\/product"}],"about":[{"href":"https:\/\/www.equitrend.nl\/fr\/wp-json\/wp\/v2\/types\/product"}],"wp:featuredmedia":[{"embeddable":true,"href":"https:\/\/www.equitrend.nl\/fr\/wp-json\/wp\/v2\/media\/516"}],"wp:attachment":[{"href":"https:\/\/www.equitrend.nl\/fr\/wp-json\/wp\/v2\/media?parent=2821"}],"wp:term":[{"taxonomy":"eigenschap","embeddable":true,"href":"https:\/\/www.equitrend.nl\/fr\/wp-json\/wp\/v2\/eigenschap?post=2821"},{"taxonomy":"product-categorie","embeddable":true,"href":"https:\/\/www.equitrend.nl\/fr\/wp-json\/wp\/v2\/product-categorie?post=2821"}],"curies":[{"name":"wp","href":"https:\/\/api.w.org\/{rel}","templated":true}]}}