{"id":2820,"date":"2017-12-21T09:25:12","date_gmt":"2017-12-21T08:25:12","guid":{"rendered":"https:\/\/www.equitrend.nl\/nieuw\/product\/elektrische-kruiwagen\/"},"modified":"2026-01-22T13:03:24","modified_gmt":"2026-01-22T12:03:24","slug":"brouette-electrique","status":"publish","type":"product","link":"https:\/\/www.equitrend.nl\/fr\/assortiment\/elektrische-kruiwagen\/","title":{"rendered":"Brouette \u00e9lectrique"},"content":{"rendered":"<p><strong>Brouette \u00e9lectrique<\/strong><br \/>\nLa brouette \u00e9lectrique (600 litres) rend le fumage plus efficace et moins lourd. Vous pouvez rouler la brouette enti\u00e8rement charg\u00e9e jusqu'au tas de fumier avec la plus grande facilit\u00e9. Vous ne vous fatiguez pas le dos et vous pouvez soulever la brouette \u00e9lectrique sans avoir \u00e0 marcher.<\/p>\n<p><strong>Benne basculante \u00e0 double charni\u00e8re\u00a0<\/strong><br \/>\nLa benne basculante \u00e0 double articulation rend la brouette \u00e9lectrique tr\u00e8s facile \u00e0 vider. Lorsque vous atteignez la fosse \u00e0 purin, vous pouvez facilement basculer l'auget basculant \u00e0 la main. La brouette repose fermement sur ses quatre pneus et est bien \u00e9quilibr\u00e9e.<\/p>\n<p><strong>Dur\u00e9e de vie de la batterie<\/strong><br \/>\nLes batteries 24V (2 unit\u00e9s) durent jusqu'\u00e0 4-5 heures. C'est suffisamment de temps pour nettoyer toutes les \u00e9curies, m\u00eame les plus grandes. En outre, cette brouette \u00e9lectrique est plus grande qu'une brouette normale, ce qui vous permet de nettoyer plusieurs \u00e9tables avant qu'elle ne soit pleine.<\/p>\n<p><img loading=\"lazy\" decoding=\"async\" class=\"alignnone size-full wp-image-1057\" src=\"https:\/\/www.equitrend.nl\/wp-content\/uploads\/2025\/02\/elektrotransport-equitrend-1.jpg\" alt=\"Brouette cheval \u00e9curie\" width=\"800\" height=\"532\" \/><\/p>\n<p><strong>Pas de nuisances sonores<br \/>\n<\/strong>Les chevaux n'aiment pas les bruits forts, et vous non plus probablement. Il est donc bon de savoir qu'elle est \u00e9quip\u00e9e d'une batterie qui ne fait pratiquement pas de bruit. C'est un grand avantage par rapport \u00e0 une brouette \u00e9lectrique \u00e9quip\u00e9e d'un moteur \u00e0 essence ou diesel. Cette brouette \u00e9lectrique est si silencieuse que vos chevaux ne remarqueront m\u00eame pas votre passage lors du curage.<\/p>\n<p><strong>Suffisamment grand pour 4 stalles<\/strong><br \/>\nAvec ses dimensions g\u00e9n\u00e9reuses de 190 x 110 x 80 cm, la brouette \u00e9lectrique est suffisamment grande pour engraisser jusqu'\u00e0 4 \u00e9tables. Vous gagnez ainsi \u00e9norm\u00e9ment de temps, car vous ne devez plus pousser si souvent votre petite brouette pleine jusqu'\u00e0 la fosse \u00e0 purin. Vous engraissez 4 stalles, vous sortez le fumier de la stalle et vous le soulevez vous-m\u00eame en vous tenant debout sur la plate-forme. En termes de largeur, la brouette est con\u00e7ue de mani\u00e8re \u00e0 pouvoir passer facilement dans les \u00e9curies.<\/p>\n<p><strong>En avant et en arri\u00e8re<\/strong><br \/>\nLa brouette \u00e9lectrique a deux vitesses : la marche avant et la marche arri\u00e8re. La vitesse de la brouette \u00e9lectrique d\u00e9pend de vous. En tirant la poign\u00e9e vers vous, vous d\u00e9terminez la vitesse \u00e0 laquelle vous ou votre employ\u00e9 d'\u00e9table vous rendez en toute d\u00e9contraction \u00e0 la fosse \u00e0 purin.<\/p>\n<p>Outre la brouette \u00e9lectrique, nous disposons \u00e9galement d'une <a href=\"https:\/\/www.equitrend.nl\/fr\/product\/wagon-dalimentation-electrique\/?term=transport\" target=\"_blank\" rel=\"noopener\">wagon d'alimentation \u00e9lectrique<\/a> et un <a href=\"https:\/\/www.equitrend.nl\/fr\/product\/camion-a-paille-a-moteur-electrique\/?term=transport\" target=\"_blank\" rel=\"noopener\">camion \u00e0 paille \u00e9lectrique<\/a>.<\/p>","protected":false},"featured_media":3312,"parent":0,"template":"","meta":{"_acf_changed":false,"_monsterinsights_skip_tracking":false,"_monsterinsights_sitenote_active":false,"_monsterinsights_sitenote_note":"","_monsterinsights_sitenote_category":0},"eigenschap":[9],"product-categorie":[275],"class_list":["post-2820","product","type-product","status-publish","has-post-thumbnail","hentry","eigenschap-elektrisch","product-categorie-transport"],"acf":[],"_links":{"self":[{"href":"https:\/\/www.equitrend.nl\/fr\/wp-json\/wp\/v2\/product\/2820","targetHints":{"allow":["GET"]}}],"collection":[{"href":"https:\/\/www.equitrend.nl\/fr\/wp-json\/wp\/v2\/product"}],"about":[{"href":"https:\/\/www.equitrend.nl\/fr\/wp-json\/wp\/v2\/types\/product"}],"wp:featuredmedia":[{"embeddable":true,"href":"https:\/\/www.equitrend.nl\/fr\/wp-json\/wp\/v2\/media\/3312"}],"wp:attachment":[{"href":"https:\/\/www.equitrend.nl\/fr\/wp-json\/wp\/v2\/media?parent=2820"}],"wp:term":[{"taxonomy":"eigenschap","embeddable":true,"href":"https:\/\/www.equitrend.nl\/fr\/wp-json\/wp\/v2\/eigenschap?post=2820"},{"taxonomy":"product-categorie","embeddable":true,"href":"https:\/\/www.equitrend.nl\/fr\/wp-json\/wp\/v2\/product-categorie?post=2820"}],"curies":[{"name":"wp","href":"https:\/\/api.w.org\/{rel}","templated":true}]}}