{"id":2819,"date":"2017-12-21T08:59:10","date_gmt":"2017-12-21T07:59:10","guid":{"rendered":"https:\/\/www.equitrend.nl\/nieuw\/product\/safety-wall\/"},"modified":"2017-12-21T08:59:10","modified_gmt":"2017-12-21T07:59:10","slug":"mur-de-securite","status":"publish","type":"product","link":"https:\/\/www.equitrend.nl\/fr\/assortiment\/safety-wall\/","title":{"rendered":"Safety Wall"},"content":{"rendered":"<p>Le Safety Wall est un pare-botte en plastique pour man\u00e8ge. La s\u00e9curit\u00e9 et la grande dur\u00e9e de vie sont les principales caract\u00e9ristiques de ce produit tr\u00e8s innovant. L\u2019installation d\u2019un Safety Wall augmente la s\u00e9curit\u00e9 des activit\u00e9s d\u2019\u00e9quitation sur piste int\u00e9rieure, tout en r\u00e9duisant les besoins en entretien. En 2009, le Safety Wall a \u00e9t\u00e9 nomin\u00e9 pour le prix de l\u2019innovation Equitana.<\/p>\n<p><strong>Le mur de s\u00e9curit\u00e9 existe en deux versions. La diff\u00e9rence entre les deux versions r\u00e9side dans les options de couleur :<\/strong><\/p>\n<ul>\n<li>Safety Wall Pro : toute couleur RAL<\/li>\n<li>Mur de s\u00e9curit\u00e9 Budget : noir<\/li>\n<\/ul>\n<p><strong>Syst\u00e8me de porte Safety Wall<\/strong><br \/>\nLa charni\u00e8re de porte Safety Wall est un excellent compl\u00e9ment au Safety Wall. Cette charni\u00e8re unique permet d'ouvrir facilement la porte d'acc\u00e8s au man\u00e8ge sans qu'elle ne retombe.<\/p>","protected":false},"featured_media":510,"parent":0,"template":"","meta":{"_acf_changed":false,"_monsterinsights_skip_tracking":false,"_monsterinsights_sitenote_active":false,"_monsterinsights_sitenote_note":"","_monsterinsights_sitenote_category":0},"eigenschap":[],"product-categorie":[277],"class_list":["post-2819","product","type-product","status-publish","has-post-thumbnail","hentry","product-categorie-rijbaan"],"acf":[],"_links":{"self":[{"href":"https:\/\/www.equitrend.nl\/fr\/wp-json\/wp\/v2\/product\/2819","targetHints":{"allow":["GET"]}}],"collection":[{"href":"https:\/\/www.equitrend.nl\/fr\/wp-json\/wp\/v2\/product"}],"about":[{"href":"https:\/\/www.equitrend.nl\/fr\/wp-json\/wp\/v2\/types\/product"}],"wp:featuredmedia":[{"embeddable":true,"href":"https:\/\/www.equitrend.nl\/fr\/wp-json\/wp\/v2\/media\/510"}],"wp:attachment":[{"href":"https:\/\/www.equitrend.nl\/fr\/wp-json\/wp\/v2\/media?parent=2819"}],"wp:term":[{"taxonomy":"eigenschap","embeddable":true,"href":"https:\/\/www.equitrend.nl\/fr\/wp-json\/wp\/v2\/eigenschap?post=2819"},{"taxonomy":"product-categorie","embeddable":true,"href":"https:\/\/www.equitrend.nl\/fr\/wp-json\/wp\/v2\/product-categorie?post=2819"}],"curies":[{"name":"wp","href":"https:\/\/api.w.org\/{rel}","templated":true}]}}