{"id":2818,"date":"2017-12-21T08:50:36","date_gmt":"2017-12-21T07:50:36","guid":{"rendered":"https:\/\/www.equitrend.nl\/nieuw\/product\/elektrisch-aangedreven-strowagen\/"},"modified":"2026-01-22T13:03:36","modified_gmt":"2026-01-22T12:03:36","slug":"camion-a-paille-a-moteur-electrique","status":"publish","type":"product","link":"https:\/\/www.equitrend.nl\/fr\/assortiment\/elektrisch-aangedreven-strowagen\/","title":{"rendered":"Chariot \u00e0 foin \u00e0 entra\u00eenement \u00e9lectrique"},"content":{"rendered":"<p>Ce chariot \u00e9lectrique vous permet de transporter sans effort de grosses balles de paille ou de foin. Vous pouvez vous tenir debout sur la plate-forme de conduite robuste et utiliser facilement les commandes du chariot \u00e0 foin \u00e9lectrique. Il est facile \u00e0 utiliser et rendra le paillage de vos boxes plus rapide et plus efficace.<\/p>\n<p><strong>Silencieux<\/strong><br \/>\nGr\u00e2ce \u00e0 son fonctionnement \u00e9lectrique, ce chariot \u00e0 foin ne fait presque pas de bruit. Vos chevaux ne seront donc pas effray\u00e9s lors de votre passage. Il est dot\u00e9 d\u2019une batterie puissante avec une autonomie de 8 heures.<\/p>\n<p><strong>Charge utile<\/strong><br \/>\nLa grande surface de chargement de 200 cm ou 250 cm x 100 cm vous permet de transporter jusqu'\u00e0 600 kg de paille ou de foin rapidement et en toute s\u00e9curit\u00e9. Ce chariot \u00e0 paille est donc particuli\u00e8rement adapt\u00e9 aux grandes entreprises \u00e9questres disposant de nombreuses \u00e9curies.<\/p>","protected":false},"featured_media":500,"parent":0,"template":"","meta":{"_acf_changed":false,"_monsterinsights_skip_tracking":false,"_monsterinsights_sitenote_active":false,"_monsterinsights_sitenote_note":"","_monsterinsights_sitenote_category":0},"eigenschap":[9],"product-categorie":[275],"class_list":["post-2818","product","type-product","status-publish","has-post-thumbnail","hentry","eigenschap-elektrisch","product-categorie-transport"],"acf":[],"_links":{"self":[{"href":"https:\/\/www.equitrend.nl\/fr\/wp-json\/wp\/v2\/product\/2818","targetHints":{"allow":["GET"]}}],"collection":[{"href":"https:\/\/www.equitrend.nl\/fr\/wp-json\/wp\/v2\/product"}],"about":[{"href":"https:\/\/www.equitrend.nl\/fr\/wp-json\/wp\/v2\/types\/product"}],"wp:featuredmedia":[{"embeddable":true,"href":"https:\/\/www.equitrend.nl\/fr\/wp-json\/wp\/v2\/media\/500"}],"wp:attachment":[{"href":"https:\/\/www.equitrend.nl\/fr\/wp-json\/wp\/v2\/media?parent=2818"}],"wp:term":[{"taxonomy":"eigenschap","embeddable":true,"href":"https:\/\/www.equitrend.nl\/fr\/wp-json\/wp\/v2\/eigenschap?post=2818"},{"taxonomy":"product-categorie","embeddable":true,"href":"https:\/\/www.equitrend.nl\/fr\/wp-json\/wp\/v2\/product-categorie?post=2818"}],"curies":[{"name":"wp","href":"https:\/\/api.w.org\/{rel}","templated":true}]}}