{"id":2817,"date":"2017-12-21T08:01:32","date_gmt":"2017-12-21T07:01:32","guid":{"rendered":"https:\/\/www.equitrend.nl\/nieuw\/product\/elektrisch-aangedreven-voerwagen\/"},"modified":"2026-01-22T13:03:54","modified_gmt":"2026-01-22T12:03:54","slug":"wagon-dalimentation-electrique","status":"publish","type":"product","link":"https:\/\/www.equitrend.nl\/fr\/assortiment\/elektrisch-aangedreven-voerwagen\/","title":{"rendered":"Chariot \u00e0 aliments \u00e0 entra\u00eenement \u00e9lectrique"},"content":{"rendered":"<p>Le chariot \u00e9lectrique \u00e0 aliments est la solution pour les \u00e9curies qui doivent parcourir de longues distances. La possibilit\u00e9 de le conduire soi-m\u00eame offre une grande commodit\u00e9. Ce chariot \u00e9lectrique \u00e0 aliments peut m\u00eame rouler sans probl\u00e8me sur des terrains accident\u00e9s.<\/p>\n<p><strong>Transport de plusieurs types d'aliments pour animaux<\/strong><br \/>\nLa division en 3 compartiments permet de transporter plusieurs types d'aliments. Vous pouvez ainsi nourrir tous les chevaux en une seule tourn\u00e9e avec, par exemple, des granul\u00e9s, de l'avoine et du muesli.<\/p>\n<p><strong>Enferm\u00e9s \u00e0 l'abri des nuisibles<\/strong><br \/>\nLe chariot \u00e9lectrique est \u00e9quip\u00e9 de 2 couvercles. Cela permet de garder le tout bien ferm\u00e9 et d'emp\u00eacher les animaux nuisibles d'acc\u00e9der \u00e0 votre nourriture.<\/p>","protected":false},"featured_media":3319,"parent":0,"template":"","meta":{"_acf_changed":false,"_monsterinsights_skip_tracking":false,"_monsterinsights_sitenote_active":false,"_monsterinsights_sitenote_note":"","_monsterinsights_sitenote_category":0},"eigenschap":[9],"product-categorie":[275],"class_list":["post-2817","product","type-product","status-publish","has-post-thumbnail","hentry","eigenschap-elektrisch","product-categorie-transport"],"acf":[],"_links":{"self":[{"href":"https:\/\/www.equitrend.nl\/fr\/wp-json\/wp\/v2\/product\/2817","targetHints":{"allow":["GET"]}}],"collection":[{"href":"https:\/\/www.equitrend.nl\/fr\/wp-json\/wp\/v2\/product"}],"about":[{"href":"https:\/\/www.equitrend.nl\/fr\/wp-json\/wp\/v2\/types\/product"}],"wp:featuredmedia":[{"embeddable":true,"href":"https:\/\/www.equitrend.nl\/fr\/wp-json\/wp\/v2\/media\/3319"}],"wp:attachment":[{"href":"https:\/\/www.equitrend.nl\/fr\/wp-json\/wp\/v2\/media?parent=2817"}],"wp:term":[{"taxonomy":"eigenschap","embeddable":true,"href":"https:\/\/www.equitrend.nl\/fr\/wp-json\/wp\/v2\/eigenschap?post=2817"},{"taxonomy":"product-categorie","embeddable":true,"href":"https:\/\/www.equitrend.nl\/fr\/wp-json\/wp\/v2\/product-categorie?post=2817"}],"curies":[{"name":"wp","href":"https:\/\/api.w.org\/{rel}","templated":true}]}}