{"id":2816,"date":"2017-12-06T14:01:46","date_gmt":"2017-12-06T13:01:46","guid":{"rendered":"https:\/\/www.equitrend.nl\/nieuw\/product\/equi-lizer\/"},"modified":"2025-02-25T16:53:43","modified_gmt":"2025-02-25T15:53:43","slug":"equi-liseur","status":"publish","type":"product","link":"https:\/\/www.equitrend.nl\/fr\/assortiment\/equi-lizer\/","title":{"rendered":"Equi-lizer avec herse standard"},"content":{"rendered":"<p>Un sol de man\u00e8ge bien entretenu n\u00e9cessite beaucoup de travail (manuel). Notre Equi-lizer facilite consid\u00e9rablement cet entretien. Gr\u00e2ce \u00e0 ses dimensions r\u00e9duites, cette niveleuse de man\u00e8ge peut traverser un passage de 1,25 m et offre une grande simplicit\u00e9 d\u2019utilisation. De ce fait, elle convient aussi aux pistes des marcheurs et des ronds de longe, par exemple. Sur l\u2019Equi-lizer avec herse FLC, un poids suppl\u00e9mentaire a \u00e9t\u00e9 plac\u00e9 \u00e0 l\u2019avant pour \u00e9viter qu\u2019il ne bascule.<\/p>\n<p><strong>Equipement de s\u00e9rie<\/strong><\/p>\n<ul>\n<li>Pelle en fer \u00e0 cheval - R\u00e2teau - Niveleuse<\/li>\n<li>Commande hydraulique de l'outil<\/li>\n<li>Direction l\u00e9g\u00e8re<\/li>\n<li>Roue avant dans la suspension de la fourche<\/li>\n<li>Jantes avec montage d'\u00e9crous<\/li>\n<li>Accouplement rapide pour R\u00e2teau - Tra\u00een\u00e9e<\/li>\n<\/ul>\n<p><strong>Outils<\/strong><\/p>\n<ul>\n<li>R\u00e2teau \u00e0 picots fins<\/li>\n<li>R\u00e2teau \u00e0 picots courbes<\/li>\n<li>Coulisseau en fer \u00e0 cheval<\/li>\n<li>Tapis de nivellement<\/li>\n<li>Sommeil<\/li>\n<li>R\u00e2teau et niveleur<\/li>\n<\/ul>","protected":false},"featured_media":490,"parent":0,"template":"","meta":{"_acf_changed":false,"_monsterinsights_skip_tracking":false,"_monsterinsights_sitenote_active":false,"_monsterinsights_sitenote_note":"","_monsterinsights_sitenote_category":0},"eigenschap":[],"product-categorie":[273],"class_list":["post-2816","product","type-product","status-publish","has-post-thumbnail","hentry","product-categorie-bodemvlakkers"],"acf":[],"_links":{"self":[{"href":"https:\/\/www.equitrend.nl\/fr\/wp-json\/wp\/v2\/product\/2816","targetHints":{"allow":["GET"]}}],"collection":[{"href":"https:\/\/www.equitrend.nl\/fr\/wp-json\/wp\/v2\/product"}],"about":[{"href":"https:\/\/www.equitrend.nl\/fr\/wp-json\/wp\/v2\/types\/product"}],"wp:featuredmedia":[{"embeddable":true,"href":"https:\/\/www.equitrend.nl\/fr\/wp-json\/wp\/v2\/media\/490"}],"wp:attachment":[{"href":"https:\/\/www.equitrend.nl\/fr\/wp-json\/wp\/v2\/media?parent=2816"}],"wp:term":[{"taxonomy":"eigenschap","embeddable":true,"href":"https:\/\/www.equitrend.nl\/fr\/wp-json\/wp\/v2\/eigenschap?post=2816"},{"taxonomy":"product-categorie","embeddable":true,"href":"https:\/\/www.equitrend.nl\/fr\/wp-json\/wp\/v2\/product-categorie?post=2816"}],"curies":[{"name":"wp","href":"https:\/\/api.w.org\/{rel}","templated":true}]}}