{"id":3,"date":"2025-01-15T16:16:52","date_gmt":"2025-01-15T16:16:52","guid":{"rendered":"https:\/\/www.equitrend.nl\/nieuw\/?page_id=3"},"modified":"2025-02-25T21:25:47","modified_gmt":"2025-02-25T20:25:47","slug":"declaration-de-confidentialite","status":"publish","type":"page","link":"https:\/\/www.equitrend.nl\/fr\/privacyverklaring\/","title":{"rendered":"D\u00e9claration de confidentialit\u00e9"},"content":{"rendered":"<div id='av_section_1'  class='avia-section av-alrz-b234723d4a22e3fa6ca8423406e9a1e0 main_color avia-section-default avia-no-border-styling  avia-builder-el-0  avia-builder-el-no-sibling  avia-bg-style-scroll container_wrap fullsize'  ><div class='container av-section-cont-open' ><main  role=\"main\" itemprop=\"mainContentOfPage\"  class='template-page content  av-content-full alpha units'><div class='post-entry post-entry-type-page post-entry-3'><div class='entry-content-wrapper clearfix'>\n<div  class='flex_column av-ror-4ba510b1e4f6fe71b08b61949d6ec84b av_one_fifth  avia-builder-el-1  el_before_av_three_fifth  avia-builder-el-first  first flex_column_div'     ><\/div><div  class='flex_column av-4nuv-2a99ac4d49b2f265792c0727de81f214 av_three_fifth  avia-builder-el-2  el_after_av_one_fifth  el_before_av_one_fifth  flex_column_div'     ><section  class='av_textblock_section av-m7kxobw5-7a1f0ff4b51f0db9e0122dfe812e1730'   itemscope=\"itemscope\" itemtype=\"https:\/\/schema.org\/CreativeWork\" ><div class='avia_textblock'  itemprop=\"text\" ><h1>D\u00e9claration de confidentialit\u00e9 Equitrend<\/h1>\n<p>Equitrend, situ\u00e9 \u00e0 Binnenveld 17, 5462 GK, Veghel, Pays-Bas, est responsable du traitement des donn\u00e9es personnelles tel qu'il est d\u00e9crit dans la pr\u00e9sente d\u00e9claration de confidentialit\u00e9.<\/p>\n<h2>Coordonn\u00e9es de la personne \u00e0 contacter<\/h2>\n<p>Binnenveld 17<br \/>\n5462 GK, Veghel<br \/>\nPays-Bas<\/p>\n<p><a href=\"mailto:info@equitrend.nl\">info@equitrend.nl<\/a><br \/>\nwww.equitrend.nl<br \/>\n+31(0)413 355746<\/p>\n<h3>D\u00e9l\u00e9gu\u00e9 \u00e0 la protection des donn\u00e9es<\/h3>\n<p>Rob Pijnappels est le d\u00e9l\u00e9gu\u00e9 \u00e0 la protection des donn\u00e9es d'Equitrend. Il peut \u00eatre joint \u00e0 l'adresse info@equitrend.nl.<\/p>\n<h3>Donn\u00e9es personnelles que nous traitons<\/h3>\n<p>Equitrend traite vos donn\u00e9es personnelles parce que vous utilisez nos services et\/ou parce que vous nous les fournissez vous-m\u00eame. Vous trouverez ci-dessous un aper\u00e7u des donn\u00e9es personnelles que nous traitons :<\/p>\n<ul>\n<li>Pr\u00e9nom et nom<\/li>\n<li>Genre<\/li>\n<li>Date de naissance<\/li>\n<li>Lieu de naissance<\/li>\n<li>Coordonn\u00e9es<\/li>\n<li>Num\u00e9ro de t\u00e9l\u00e9phone<\/li>\n<li>Adresse \u00e9lectronique<\/li>\n<li>Num\u00e9ro de compte bancaire<\/li>\n<li>Adresse IP<\/li>\n<li>D\u00e9tails de l'emplacement<\/li>\n<li>Donn\u00e9es relatives \u00e0 vos activit\u00e9s sur notre site web<\/li>\n<li>Liste des coordonn\u00e9es des clients via une application<\/li>\n<li>Navigateur Internet et type d'appareil<\/li>\n<li>Donn\u00e9es relatives \u00e0 votre comportement de navigation sur diff\u00e9rents sites web (par exemple, parce que cette soci\u00e9t\u00e9 fait partie d'un r\u00e9seau publicitaire)<\/li>\n<li>Autres donn\u00e9es \u00e0 caract\u00e8re personnel que vous fournissez activement, par exemple en cr\u00e9ant un profil sur ce site web, par correspondance ou par t\u00e9l\u00e9phone.<\/li>\n<\/ul>\n<h3>Donn\u00e9es personnelles sp\u00e9ciales et\/ou sensibles que nous traitons<\/h3>\n<p>Notre site web et\/ou service n'a pas l'intention de collecter des donn\u00e9es sur les visiteurs du site web \u00e2g\u00e9s de moins de 16 ans. \u00c0 moins qu'ils ne disposent d'une autorisation parentale ou d'un tuteur. Toutefois, nous ne pouvons pas v\u00e9rifier si un visiteur a plus de 16 ans. Nous conseillons donc aux parents de s'impliquer dans les activit\u00e9s en ligne de leurs enfants afin d'\u00e9viter de collecter des donn\u00e9es sur les enfants sans leur consentement. Si vous \u00eates convaincu que nous avons collect\u00e9 des donn\u00e9es personnelles sur un mineur sans ce consentement, veuillez nous contacter \u00e0 l'adresse info@equitrend.nl et nous supprimerons ces informations.<\/p>\n<h4>Dans quel but et sur quelle base traitons-nous les donn\u00e9es personnelles ? Equitrend traite vos donn\u00e9es personnelles aux fins suivantes :<\/h4>\n<ul>\n<li>Traitement de votre paiement<\/li>\n<li>Envoi de notre lettre d'information et\/ou de notre d\u00e9pliant publicitaire<\/li>\n<li>vous appeler ou vous envoyer un courrier \u00e9lectronique si cela s'av\u00e8re n\u00e9cessaire pour la prestation de nos services<\/li>\n<li>vous informer des modifications apport\u00e9es \u00e0 nos services et produits<\/li>\n<li>Pour vous fournir des biens et des services<\/li>\n<li>Equitrend analyse votre comportement sur le site web afin de l'am\u00e9liorer et d'adapter l'offre de produits et de services \u00e0 vos pr\u00e9f\u00e9rences.<\/li>\n<li>Equitrend traite \u00e9galement des donn\u00e9es personnelles si nous sommes l\u00e9galement oblig\u00e9s de le faire, comme les donn\u00e9es dont nous avons besoin pour notre d\u00e9claration d'imp\u00f4ts.<\/li>\n<\/ul>\n<h3>Prise de d\u00e9cision automatis\u00e9e<\/h3>\n<p>Equitrend ne prend pas de d\u00e9cisions sur des questions susceptibles d'affecter (de mani\u00e8re significative) les personnes sur la base d'un traitement automatis\u00e9. Il s'agit de d\u00e9cisions prises par des programmes ou des syst\u00e8mes informatiques, sans l'intervention d'un \u00eatre humain (par exemple, un employ\u00e9 d'Equitrend).<\/p>\n<h3>Dur\u00e9e de conservation des donn\u00e9es personnelles<\/h3>\n<p>Equitrend ne conserve pas vos donn\u00e9es personnelles plus longtemps que ce qui est strictement n\u00e9cessaire pour atteindre les objectifs pour lesquels vos donn\u00e9es ont \u00e9t\u00e9 collect\u00e9es. Nous utilisons les p\u00e9riodes de conservation suivantes pour les (cat\u00e9gories de) donn\u00e9es personnelles suivantes :<\/p>\n<ul>\n<li>Donn\u00e9es personnelles &gt; 7 ans &gt; Autorit\u00e9s fiscales<\/li>\n<li>Adresse &gt; 7 ans &gt; Autorit\u00e9s fiscales<\/li>\n<li>Autres donn\u00e9es &gt; 7 ans &gt; Pour les besoins de l'activit\u00e9 commerciale<\/li>\n<li>Partage de donn\u00e9es \u00e0 caract\u00e8re personnel avec des tiers<\/li>\n<\/ul>\n<p>Equitrend ne vend pas vos donn\u00e9es \u00e0 des tiers et ne les fournit que si elles sont n\u00e9cessaires \u00e0 l'ex\u00e9cution de notre contrat avec vous ou au respect d'une obligation l\u00e9gale. Nous concluons un accord de sous-traitance avec les entreprises qui traitent vos donn\u00e9es en notre nom afin de garantir le m\u00eame niveau de s\u00e9curit\u00e9 et de confidentialit\u00e9 de vos donn\u00e9es. Equitrend reste responsable de ce traitement.<\/p>\n<h3>Cookies, ou techniques similaires, que nous utilisons<\/h3>\n<p>Equitrend utilise des cookies fonctionnels, analytiques et de suivi. Un cookie est un petit fichier texte qui est stock\u00e9 dans le navigateur de votre ordinateur, tablette ou smartphone lors de votre premi\u00e8re visite sur ce site web. Equitrend utilise des cookies ayant une fonctionnalit\u00e9 purement technique. Ceux-ci garantissent que le site web fonctionne correctement et que, par exemple, vos pr\u00e9f\u00e9rences sont m\u00e9moris\u00e9es. Ces cookies sont \u00e9galement utilis\u00e9s pour assurer le bon fonctionnement et l'optimisation du site web. En outre, nous pla\u00e7ons des cookies qui suivent votre comportement de navigation afin de pouvoir vous proposer un contenu et des publicit\u00e9s sur mesure.<\/p>\n<p>Lors de votre premi\u00e8re visite sur notre site web, nous vous avons d\u00e9j\u00e0 inform\u00e9 de l'existence de ces cookies et vous avons demand\u00e9 l'autorisation de les installer. Vous pouvez refuser les cookies en param\u00e9trant votre navigateur Internet de mani\u00e8re \u00e0 ce qu'il ne stocke plus de cookies. En outre, vous pouvez \u00e9galement supprimer toutes les informations pr\u00e9c\u00e9demment stock\u00e9es via les param\u00e8tres de votre navigateur.<\/p>\n<p>Pour une explication, voir : https:\/\/veiliginternetten.nl\/themes\/situatie\/cookies-wat-zijn-het-en-wat-doe-ik-ermee\/ Des cookies sont \u00e9galement install\u00e9s sur ce site web par des tiers. Il s'agit, par exemple, d'annonceurs et\/ou de soci\u00e9t\u00e9s de m\u00e9dias sociaux.<\/p>\n<h3>Visualiser, modifier ou supprimer des donn\u00e9es<\/h3>\n<p>Vous avez le droit d'acc\u00e9der \u00e0 vos donn\u00e9es personnelles, de les corriger ou de les supprimer. Vous avez \u00e9galement le droit de retirer votre \u00e9ventuel consentement au traitement des donn\u00e9es ou de vous opposer au traitement de vos donn\u00e9es personnelles par Equitrend, et vous avez le droit \u00e0 la portabilit\u00e9 des donn\u00e9es. Cela signifie que vous pouvez nous demander d'envoyer les donn\u00e9es personnelles que nous d\u00e9tenons sur vous dans un fichier informatique \u00e0 vous-m\u00eame ou \u00e0 une autre organisation que vous aurez d\u00e9sign\u00e9e.<\/p>\n<p>Vous pouvez envoyer une demande d'inspection, de correction, de suppression, de transfert de vos donn\u00e9es personnelles ou une demande de retrait de votre consentement ou d'opposition au traitement de vos donn\u00e9es personnelles \u00e0 info@equitrend.nl. Afin de nous assurer que la demande de consultation est bien de vous, nous vous demandons d'envoyer une copie de votre preuve d'identit\u00e9 avec la demande. Dans cette copie, noircissez votre photo de passeport, la MRZ (zone de lecture automatique, la bande de chiffres au bas du passeport), le num\u00e9ro de passeport et le num\u00e9ro de service du citoyen (BSN). Cette mesure vise \u00e0 prot\u00e9ger votre vie priv\u00e9e. Nous r\u00e9pondrons \u00e0 votre demande d\u00e8s que possible, mais dans un d\u00e9lai de quatre semaines.<\/p>\n<p>Equitrend souhaite \u00e9galement vous informer que vous avez la possibilit\u00e9 de d\u00e9poser une plainte aupr\u00e8s du r\u00e9gulateur national, l'Autorit\u00e9 des donn\u00e9es personnelles. Vous pouvez le faire en cliquant sur le lien suivant : https:\/\/autoriteitpersoonsgegevens.nl\/nl\/contact-met-de-autoriteit-persoonsgegevens\/tip-ons<\/p>\n<h3>Comment nous s\u00e9curisons les donn\u00e9es personnelles<\/h3>\n<p>Equitrend prend au s\u00e9rieux la protection de vos donn\u00e9es et prend des mesures appropri\u00e9es pour lutter contre les abus, les pertes, les acc\u00e8s non autoris\u00e9s, les divulgations non d\u00e9sir\u00e9es et les modifications non autoris\u00e9es. Si vous avez l'impression que vos donn\u00e9es ne sont pas correctement s\u00e9curis\u00e9es ou qu'il y a des indications d'abus, veuillez contacter notre service client\u00e8le ou info@equitrend.nl.<\/p>\n<\/div><\/section><\/div><div  class='flex_column av-3l31-9da52bd5603938573bbc000f645b44b2 av_one_fifth  avia-builder-el-4  el_after_av_three_fifth  avia-builder-el-last  flex_column_div'     ><\/div>","protected":false},"excerpt":{"rendered":"","protected":false},"author":1,"featured_media":0,"parent":0,"menu_order":0,"comment_status":"closed","ping_status":"open","template":"","meta":{"_acf_changed":false,"_monsterinsights_skip_tracking":false,"_monsterinsights_sitenote_active":false,"_monsterinsights_sitenote_note":"","_monsterinsights_sitenote_category":0,"footnotes":""},"class_list":["post-3","page","type-page","status-publish","hentry"],"acf":[],"_links":{"self":[{"href":"https:\/\/www.equitrend.nl\/fr\/wp-json\/wp\/v2\/pages\/3","targetHints":{"allow":["GET"]}}],"collection":[{"href":"https:\/\/www.equitrend.nl\/fr\/wp-json\/wp\/v2\/pages"}],"about":[{"href":"https:\/\/www.equitrend.nl\/fr\/wp-json\/wp\/v2\/types\/page"}],"author":[{"embeddable":true,"href":"https:\/\/www.equitrend.nl\/fr\/wp-json\/wp\/v2\/users\/1"}],"replies":[{"embeddable":true,"href":"https:\/\/www.equitrend.nl\/fr\/wp-json\/wp\/v2\/comments?post=3"}],"version-history":[{"count":4,"href":"https:\/\/www.equitrend.nl\/fr\/wp-json\/wp\/v2\/pages\/3\/revisions"}],"predecessor-version":[{"id":4059,"href":"https:\/\/www.equitrend.nl\/fr\/wp-json\/wp\/v2\/pages\/3\/revisions\/4059"}],"wp:attachment":[{"href":"https:\/\/www.equitrend.nl\/fr\/wp-json\/wp\/v2\/media?parent=3"}],"curies":[{"name":"wp","href":"https:\/\/api.w.org\/{rel}","templated":true}]}}