{"id":3472,"date":"2026-01-09T20:07:43","date_gmt":"2026-01-09T19:07:43","guid":{"rendered":"https:\/\/www.equitrend.nl\/nieuw\/?post_type=product&#038;p=3472"},"modified":"2026-01-09T20:16:26","modified_gmt":"2026-01-09T19:16:26","slug":"bemer-pferde-set","status":"publish","type":"product","link":"https:\/\/www.equitrend.nl\/de\/assortiment\/bemer-horse-set\/","title":{"rendered":"BEMER Pferde-Set"},"content":{"rendered":"<p><strong>Fortschrittliche PEMF-Therapie f\u00fcr optimale Leistung bei Pferden<\/strong><\/p>\n<p>Das BEMER Horse-Set ist ein innovatives System, das gepulste elektromagnetische Felder (PEMF) zur Verbesserung der Mikrozirkulation bei Pferden einsetzt. Durch die verbesserte Durchblutung werden Sauerstoff und N\u00e4hrstoffe effizienter zu den Zellen transportiert, was zu einer schnelleren Erholung nach dem Training und einer erh\u00f6hten Vitalit\u00e4t beitr\u00e4gt. Damit ist das BEMER-Pferde-Set ideal f\u00fcr Sport- und Freizeitpferde, die von einer verbesserten k\u00f6rperlichen Fitness profitieren.<\/p>\n<p>Das Set besteht aus einer Therapiedecke, zwei Beindecken und einem speziell entwickelten Zervikalapplikator zur gezielten Behandlung der Halswirbels\u00e4ule und der umliegenden Strukturen. Alle Komponenten sind kabellos, einfach zu bedienen und mit integrierten Signalsteuerungen mit wiederaufladbaren Batterien ausgestattet. Dank der praktischen Tragetasche, der Abschwitzdecke und dem Ladeger\u00e4t mit Y-Kabel ist das Set in jeder stabilen Umgebung einsatzbereit. Die Halsapplikation ist eine wertvolle Erg\u00e4nzung, insbesondere f\u00fcr Pferde mit Verspannungen in der Oberlinie oder neurologischer Unterst\u00fctzung.<\/p>","protected":false},"featured_media":3480,"parent":0,"template":"","meta":{"_acf_changed":false,"_monsterinsights_skip_tracking":false,"_monsterinsights_sitenote_active":false,"_monsterinsights_sitenote_note":"","_monsterinsights_sitenote_category":0},"eigenschap":[],"product-categorie":[281,285],"class_list":["post-3472","product","type-product","status-publish","has-post-thumbnail","hentry","product-categorie-stal","product-categorie-training"],"acf":[],"_links":{"self":[{"href":"https:\/\/www.equitrend.nl\/de\/wp-json\/wp\/v2\/product\/3472","targetHints":{"allow":["GET"]}}],"collection":[{"href":"https:\/\/www.equitrend.nl\/de\/wp-json\/wp\/v2\/product"}],"about":[{"href":"https:\/\/www.equitrend.nl\/de\/wp-json\/wp\/v2\/types\/product"}],"wp:featuredmedia":[{"embeddable":true,"href":"https:\/\/www.equitrend.nl\/de\/wp-json\/wp\/v2\/media\/3480"}],"wp:attachment":[{"href":"https:\/\/www.equitrend.nl\/de\/wp-json\/wp\/v2\/media?parent=3472"}],"wp:term":[{"taxonomy":"eigenschap","embeddable":true,"href":"https:\/\/www.equitrend.nl\/de\/wp-json\/wp\/v2\/eigenschap?post=3472"},{"taxonomy":"product-categorie","embeddable":true,"href":"https:\/\/www.equitrend.nl\/de\/wp-json\/wp\/v2\/product-categorie?post=3472"}],"curies":[{"name":"wp","href":"https:\/\/api.w.org\/{rel}","templated":true}]}}