{"id":3462,"date":"2026-01-09T20:09:23","date_gmt":"2026-01-09T19:09:23","guid":{"rendered":"https:\/\/www.equitrend.nl\/nieuw\/?post_type=product&#038;p=3462"},"modified":"2026-01-29T16:27:27","modified_gmt":"2026-01-29T15:27:27","slug":"brunner-kehrmaschine","status":"publish","type":"product","link":"https:\/\/www.equitrend.nl\/de\/assortiment\/bruno-veegmachine\/","title":{"rendered":"BRUNO Elektro Kehrmaschine"},"content":{"rendered":"<p><strong>Elektrische Gro\u00dffl\u00e4chenkehrmaschine<\/strong><\/p>\n<p>Die elektrische Kehrmaschine f\u00fcr die Reinigung gro\u00dfer Fl\u00e4chen in Reitst\u00e4llen und Scheunen. Dank der robusten Konstruktion und der hohen Kehrleistung ist BRUNO ideal f\u00fcr den professionellen Einsatz in anspruchsvollen Umgebungen geeignet. Die Maschine ist mit einem Lenkrad und einem Ein-Klick-Start einfach zu bedienen und ist vollelektrisch, was einen leisen Betrieb und niedrige Betriebskosten gew\u00e4hrleistet.<\/p>\n<p>Mit einer Arbeitsbreite von bis zu 2.100 mm und einer Reinigungsleistung von bis zu 18.500 m\u00b2 pro Stunde liefert BRUNO eine beeindruckende Leistung.<\/p>","protected":false},"featured_media":4219,"parent":0,"template":"","meta":{"_acf_changed":false,"_monsterinsights_skip_tracking":false,"_monsterinsights_sitenote_active":false,"_monsterinsights_sitenote_note":"","_monsterinsights_sitenote_category":0},"eigenschap":[9],"product-categorie":[279],"class_list":["post-3462","product","type-product","status-publish","has-post-thumbnail","hentry","eigenschap-elektrisch","product-categorie-machines"],"acf":[],"_links":{"self":[{"href":"https:\/\/www.equitrend.nl\/de\/wp-json\/wp\/v2\/product\/3462","targetHints":{"allow":["GET"]}}],"collection":[{"href":"https:\/\/www.equitrend.nl\/de\/wp-json\/wp\/v2\/product"}],"about":[{"href":"https:\/\/www.equitrend.nl\/de\/wp-json\/wp\/v2\/types\/product"}],"wp:featuredmedia":[{"embeddable":true,"href":"https:\/\/www.equitrend.nl\/de\/wp-json\/wp\/v2\/media\/4219"}],"wp:attachment":[{"href":"https:\/\/www.equitrend.nl\/de\/wp-json\/wp\/v2\/media?parent=3462"}],"wp:term":[{"taxonomy":"eigenschap","embeddable":true,"href":"https:\/\/www.equitrend.nl\/de\/wp-json\/wp\/v2\/eigenschap?post=3462"},{"taxonomy":"product-categorie","embeddable":true,"href":"https:\/\/www.equitrend.nl\/de\/wp-json\/wp\/v2\/product-categorie?post=3462"}],"curies":[{"name":"wp","href":"https:\/\/api.w.org\/{rel}","templated":true}]}}